{"id":60126,"date":"2025-12-01T18:38:07","date_gmt":"2025-12-01T18:38:07","guid":{"rendered":"https:\/\/www.test.autopakai.lt\/lt\/produktas\/front-fender-set-with-side-vents-chrome-suitable-for-bmw-5-series-g30-g31-16-23\/"},"modified":"2025-12-11T14:36:48","modified_gmt":"2025-12-11T14:36:48","slug":"front-fender-set-with-side-vents-chrome-suitable-for-bmw-5-series-g30-g31-16-23","status":"publish","type":"product","link":"https:\/\/www.test.autopakai.lt\/lt\/produktas\/front-fender-set-with-side-vents-chrome-suitable-for-bmw-5-series-g30-g31-16-23\/","title":{"rendered":"Priekini\u0173 sparn\u0173 komplektas su \u0161onin\u0117mis ventiliacijos angomis, chromuotas, tinkantis BMW 5 serijos G30, G31 16-23"},"content":{"rendered":"","protected":false},"excerpt":{"rendered":"","protected":false},"featured_media":66899,"template":"","meta":{"_joinchat":[]},"product_brand":[297],"product_cat":[],"product_tag":[],"class_list":{"0":"post-60126","1":"product","2":"type-product","3":"status-publish","4":"has-post-thumbnail","6":"product_brand-bmw","7":"pa_manufacturer-bmw","8":"pa_model-bmw-5-g30-f90","9":"pa_year_from-304","10":"pa_year_to-305","13":"first","14":"onbackorder","15":"taxable","16":"shipping-taxable","17":"purchasable","18":"product-type-simple"},"_links":{"self":[{"href":"https:\/\/www.test.autopakai.lt\/lt\/wp-json\/wp\/v2\/product\/60126","targetHints":{"allow":["GET"]}}],"collection":[{"href":"https:\/\/www.test.autopakai.lt\/lt\/wp-json\/wp\/v2\/product"}],"about":[{"href":"https:\/\/www.test.autopakai.lt\/lt\/wp-json\/wp\/v2\/types\/product"}],"wp:featuredmedia":[{"embeddable":true,"href":"https:\/\/www.test.autopakai.lt\/lt\/wp-json\/wp\/v2\/media\/66899"}],"wp:attachment":[{"href":"https:\/\/www.test.autopakai.lt\/lt\/wp-json\/wp\/v2\/media?parent=60126"}],"wp:term":[{"taxonomy":"product_brand","embeddable":true,"href":"https:\/\/www.test.autopakai.lt\/lt\/wp-json\/wp\/v2\/product_brand?post=60126"},{"taxonomy":"product_cat","embeddable":true,"href":"https:\/\/www.test.autopakai.lt\/lt\/wp-json\/wp\/v2\/product_cat?post=60126"},{"taxonomy":"product_tag","embeddable":true,"href":"https:\/\/www.test.autopakai.lt\/lt\/wp-json\/wp\/v2\/product_tag?post=60126"}],"curies":[{"name":"wp","href":"https:\/\/api.w.org\/{rel}","templated":true}]}}