{"id":60683,"date":"2025-12-01T18:40:52","date_gmt":"2025-12-01T18:40:52","guid":{"rendered":"https:\/\/www.test.autopakai.lt\/lt\/produktas\/bodykit-bumper-set-carbon-look-for-bmw-x5-g05-pre-facelift-2019\/"},"modified":"2025-12-11T14:37:30","modified_gmt":"2025-12-11T14:37:30","slug":"bodykit-bumper-set-carbon-look-for-bmw-x5-g05-pre-facelift-2019","status":"publish","type":"product","link":"https:\/\/www.test.autopakai.lt\/lt\/produktas\/bodykit-bumper-set-carbon-look-for-bmw-x5-g05-pre-facelift-2019\/","title":{"rendered":"BMW X5 (G05) k\u0117bulo komplektas, anglies pluo\u0161to imitacijos, prie\u0161 feislift\u0105, 2019-&gt;"},"content":{"rendered":"","protected":false},"excerpt":{"rendered":"","protected":false},"featured_media":63270,"template":"","meta":{"_joinchat":[]},"product_brand":[297],"product_cat":[],"product_tag":[],"class_list":{"0":"post-60683","1":"product","2":"type-product","3":"status-publish","4":"has-post-thumbnail","6":"product_brand-bmw","7":"pa_manufacturer-bmw","8":"pa_model-bmw-x5-g05-f95","9":"pa_year_from-406","12":"first","13":"onbackorder","14":"taxable","15":"shipping-taxable","16":"purchasable","17":"product-type-simple"},"_links":{"self":[{"href":"https:\/\/www.test.autopakai.lt\/lt\/wp-json\/wp\/v2\/product\/60683","targetHints":{"allow":["GET"]}}],"collection":[{"href":"https:\/\/www.test.autopakai.lt\/lt\/wp-json\/wp\/v2\/product"}],"about":[{"href":"https:\/\/www.test.autopakai.lt\/lt\/wp-json\/wp\/v2\/types\/product"}],"wp:featuredmedia":[{"embeddable":true,"href":"https:\/\/www.test.autopakai.lt\/lt\/wp-json\/wp\/v2\/media\/63270"}],"wp:attachment":[{"href":"https:\/\/www.test.autopakai.lt\/lt\/wp-json\/wp\/v2\/media?parent=60683"}],"wp:term":[{"taxonomy":"product_brand","embeddable":true,"href":"https:\/\/www.test.autopakai.lt\/lt\/wp-json\/wp\/v2\/product_brand?post=60683"},{"taxonomy":"product_cat","embeddable":true,"href":"https:\/\/www.test.autopakai.lt\/lt\/wp-json\/wp\/v2\/product_cat?post=60683"},{"taxonomy":"product_tag","embeddable":true,"href":"https:\/\/www.test.autopakai.lt\/lt\/wp-json\/wp\/v2\/product_tag?post=60683"}],"curies":[{"name":"wp","href":"https:\/\/api.w.org\/{rel}","templated":true}]}}