{"id":60689,"date":"2025-12-01T18:40:55","date_gmt":"2025-12-01T18:40:55","guid":{"rendered":"https:\/\/www.test.autopakai.lt\/lt\/produktas\/tail-lights-full-led-dynamic-smoke-clear-suitable-for-vw-polo-6r-09-14\/"},"modified":"2025-12-11T14:37:50","modified_gmt":"2025-12-11T14:37:50","slug":"tail-lights-full-led-dynamic-smoke-clear-suitable-for-vw-polo-6r-09-14","status":"publish","type":"product","link":"https:\/\/www.test.autopakai.lt\/lt\/produktas\/tail-lights-full-led-dynamic-smoke-clear-suitable-for-vw-polo-6r-09-14\/","title":{"rendered":"Galiniai \u017eibintai Full LED dinaminiai d\u016bminiai skaidr\u016bs, tinka VW POLO 6R 09-14"},"content":{"rendered":"","protected":false},"excerpt":{"rendered":"","protected":false},"featured_media":71718,"template":"","meta":{"_joinchat":[]},"product_brand":[299],"product_cat":[],"product_tag":[],"class_list":{"0":"post-60689","1":"product","2":"type-product","3":"status-publish","4":"has-post-thumbnail","6":"product_brand-vw","7":"pa_manufacturer-vw","8":"pa_model-vw-polo-v-6r1-6c1","9":"pa_year_from-462","10":"pa_year_to-409","13":"first","14":"onbackorder","15":"taxable","16":"shipping-taxable","17":"purchasable","18":"product-type-simple"},"_links":{"self":[{"href":"https:\/\/www.test.autopakai.lt\/lt\/wp-json\/wp\/v2\/product\/60689","targetHints":{"allow":["GET"]}}],"collection":[{"href":"https:\/\/www.test.autopakai.lt\/lt\/wp-json\/wp\/v2\/product"}],"about":[{"href":"https:\/\/www.test.autopakai.lt\/lt\/wp-json\/wp\/v2\/types\/product"}],"wp:featuredmedia":[{"embeddable":true,"href":"https:\/\/www.test.autopakai.lt\/lt\/wp-json\/wp\/v2\/media\/71718"}],"wp:attachment":[{"href":"https:\/\/www.test.autopakai.lt\/lt\/wp-json\/wp\/v2\/media?parent=60689"}],"wp:term":[{"taxonomy":"product_brand","embeddable":true,"href":"https:\/\/www.test.autopakai.lt\/lt\/wp-json\/wp\/v2\/product_brand?post=60689"},{"taxonomy":"product_cat","embeddable":true,"href":"https:\/\/www.test.autopakai.lt\/lt\/wp-json\/wp\/v2\/product_cat?post=60689"},{"taxonomy":"product_tag","embeddable":true,"href":"https:\/\/www.test.autopakai.lt\/lt\/wp-json\/wp\/v2\/product_tag?post=60689"}],"curies":[{"name":"wp","href":"https:\/\/api.w.org\/{rel}","templated":true}]}}