{"id":60695,"date":"2025-12-01T18:40:57","date_gmt":"2025-12-01T18:40:57","guid":{"rendered":"https:\/\/www.test.autopakai.lt\/lt\/produktas\/grille-badgeless-with-red-trim-for-square-h-l-for-volkswagen-t3-1979-1992\/"},"modified":"2025-12-11T14:37:56","modified_gmt":"2025-12-11T14:37:56","slug":"grille-badgeless-with-red-trim-for-square-h-l-for-volkswagen-t3-1979-1992","status":"publish","type":"product","link":"https:\/\/www.test.autopakai.lt\/lt\/produktas\/grille-badgeless-with-red-trim-for-square-h-l-for-volkswagen-t3-1979-1992\/","title":{"rendered":"Grotel\u0117s be \u017eenklelio su raudona apdaila kvadratin\u0117ms vir\u0161utin\u0117ms\/kair\u0117s pus\u0117ms, skirtos \u201eVolkswagen T3\u201c 1979\u20131992 m."},"content":{"rendered":"","protected":false},"excerpt":{"rendered":"","protected":false},"featured_media":0,"template":"","meta":{"_joinchat":[]},"product_brand":[299],"product_cat":[],"product_tag":[],"class_list":{"0":"post-60695","1":"product","2":"type-product","3":"status-publish","5":"product_brand-vw","6":"pa_manufacturer-vw","7":"pa_model-vw-transporter-iii-bus","8":"pa_year_from-563","9":"pa_year_to-564","11":"first","12":"onbackorder","13":"taxable","14":"shipping-taxable","15":"purchasable","16":"product-type-simple"},"_links":{"self":[{"href":"https:\/\/www.test.autopakai.lt\/lt\/wp-json\/wp\/v2\/product\/60695","targetHints":{"allow":["GET"]}}],"collection":[{"href":"https:\/\/www.test.autopakai.lt\/lt\/wp-json\/wp\/v2\/product"}],"about":[{"href":"https:\/\/www.test.autopakai.lt\/lt\/wp-json\/wp\/v2\/types\/product"}],"wp:attachment":[{"href":"https:\/\/www.test.autopakai.lt\/lt\/wp-json\/wp\/v2\/media?parent=60695"}],"wp:term":[{"taxonomy":"product_brand","embeddable":true,"href":"https:\/\/www.test.autopakai.lt\/lt\/wp-json\/wp\/v2\/product_brand?post=60695"},{"taxonomy":"product_cat","embeddable":true,"href":"https:\/\/www.test.autopakai.lt\/lt\/wp-json\/wp\/v2\/product_cat?post=60695"},{"taxonomy":"product_tag","embeddable":true,"href":"https:\/\/www.test.autopakai.lt\/lt\/wp-json\/wp\/v2\/product_tag?post=60695"}],"curies":[{"name":"wp","href":"https:\/\/api.w.org\/{rel}","templated":true}]}}