{"id":60718,"date":"2025-12-01T18:41:05","date_gmt":"2025-12-01T18:41:05","guid":{"rendered":"https:\/\/www.test.autopakai.lt\/lt\/produktas\/suv-side-steps-set-aluminium-suitable-for-bmw-x2-f39-17-on\/"},"modified":"2025-12-11T14:37:53","modified_gmt":"2025-12-11T14:37:53","slug":"suv-side-steps-set-aluminium-suitable-for-bmw-x2-f39-17-on","status":"publish","type":"product","link":"https:\/\/www.test.autopakai.lt\/lt\/produktas\/suv-side-steps-set-aluminium-suitable-for-bmw-x2-f39-17-on\/","title":{"rendered":"SUV \u0161onini\u0173 slenks\u010di\u0173 komplektas su aliuminiu, tinkantis BMW X2 F39 17-On"},"content":{"rendered":"","protected":false},"excerpt":{"rendered":"","protected":false},"featured_media":0,"template":"","meta":{"_joinchat":[]},"product_brand":[297],"product_cat":[],"product_tag":[],"class_list":{"0":"post-60718","1":"product","2":"type-product","3":"status-publish","5":"product_brand-bmw","6":"pa_manufacturer-bmw","7":"pa_model-bmw-x2-f39","8":"pa_year_from-302","10":"first","11":"onbackorder","12":"taxable","13":"shipping-taxable","14":"purchasable","15":"product-type-simple"},"_links":{"self":[{"href":"https:\/\/www.test.autopakai.lt\/lt\/wp-json\/wp\/v2\/product\/60718","targetHints":{"allow":["GET"]}}],"collection":[{"href":"https:\/\/www.test.autopakai.lt\/lt\/wp-json\/wp\/v2\/product"}],"about":[{"href":"https:\/\/www.test.autopakai.lt\/lt\/wp-json\/wp\/v2\/types\/product"}],"wp:attachment":[{"href":"https:\/\/www.test.autopakai.lt\/lt\/wp-json\/wp\/v2\/media?parent=60718"}],"wp:term":[{"taxonomy":"product_brand","embeddable":true,"href":"https:\/\/www.test.autopakai.lt\/lt\/wp-json\/wp\/v2\/product_brand?post=60718"},{"taxonomy":"product_cat","embeddable":true,"href":"https:\/\/www.test.autopakai.lt\/lt\/wp-json\/wp\/v2\/product_cat?post=60718"},{"taxonomy":"product_tag","embeddable":true,"href":"https:\/\/www.test.autopakai.lt\/lt\/wp-json\/wp\/v2\/product_tag?post=60718"}],"curies":[{"name":"wp","href":"https:\/\/api.w.org\/{rel}","templated":true}]}}