{"id":60823,"date":"2025-12-01T18:41:32","date_gmt":"2025-12-01T18:41:32","guid":{"rendered":"https:\/\/www.test.autopakai.lt\/lt\/produktas\/grille-badgeless-for-square-h-l-suitable-for-volkswagen-t3-1979-1992\/"},"modified":"2025-12-11T14:37:42","modified_gmt":"2025-12-11T14:37:42","slug":"grille-badgeless-for-square-h-l-suitable-for-volkswagen-t3-1979-1992","status":"publish","type":"product","link":"https:\/\/www.test.autopakai.lt\/lt\/produktas\/grille-badgeless-for-square-h-l-suitable-for-volkswagen-t3-1979-1992\/","title":{"rendered":"Grotel\u0117s be \u017eenkleli\u0173, skirtos kvadratiniam priekiniam\/galiniam k\u0117bului, tinkan\u010dios \u201eVolkswagen T3 1979-1992\u201c"},"content":{"rendered":"","protected":false},"excerpt":{"rendered":"","protected":false},"featured_media":0,"template":"","meta":{"_joinchat":[]},"product_brand":[299],"product_cat":[],"product_tag":[],"class_list":{"0":"post-60823","1":"product","2":"type-product","3":"status-publish","5":"product_brand-vw","6":"pa_manufacturer-vw","7":"pa_model-vw-transporter-iii-bus","8":"pa_year_from-563","9":"pa_year_to-564","11":"first","12":"onbackorder","13":"taxable","14":"shipping-taxable","15":"purchasable","16":"product-type-simple"},"_links":{"self":[{"href":"https:\/\/www.test.autopakai.lt\/lt\/wp-json\/wp\/v2\/product\/60823","targetHints":{"allow":["GET"]}}],"collection":[{"href":"https:\/\/www.test.autopakai.lt\/lt\/wp-json\/wp\/v2\/product"}],"about":[{"href":"https:\/\/www.test.autopakai.lt\/lt\/wp-json\/wp\/v2\/types\/product"}],"wp:attachment":[{"href":"https:\/\/www.test.autopakai.lt\/lt\/wp-json\/wp\/v2\/media?parent=60823"}],"wp:term":[{"taxonomy":"product_brand","embeddable":true,"href":"https:\/\/www.test.autopakai.lt\/lt\/wp-json\/wp\/v2\/product_brand?post=60823"},{"taxonomy":"product_cat","embeddable":true,"href":"https:\/\/www.test.autopakai.lt\/lt\/wp-json\/wp\/v2\/product_cat?post=60823"},{"taxonomy":"product_tag","embeddable":true,"href":"https:\/\/www.test.autopakai.lt\/lt\/wp-json\/wp\/v2\/product_tag?post=60823"}],"curies":[{"name":"wp","href":"https:\/\/api.w.org\/{rel}","templated":true}]}}