{"id":60868,"date":"2025-12-01T18:41:46","date_gmt":"2025-12-01T18:41:46","guid":{"rendered":"https:\/\/www.test.autopakai.lt\/lt\/produktas\/side-skirts-set-suitable-for-mercedes-a-class-w176-cla-c117-x117-12-18\/"},"modified":"2025-12-11T14:37:54","modified_gmt":"2025-12-11T14:37:54","slug":"side-skirts-set-suitable-for-mercedes-a-class-w176-cla-c117-x117-12-18","status":"publish","type":"product","link":"https:\/\/www.test.autopakai.lt\/lt\/produktas\/side-skirts-set-suitable-for-mercedes-a-class-w176-cla-c117-x117-12-18\/","title":{"rendered":"\u0160onini\u0173 slenks\u010di\u0173 komplektas, tinkantis MERCEDES A-klas\u0117s W176 CLA C117, X117 12-18 modeliams"},"content":{"rendered":"","protected":false},"excerpt":{"rendered":"","protected":false},"featured_media":71232,"template":"","meta":{"_joinchat":[]},"product_brand":[295],"product_cat":[],"product_tag":[],"class_list":{"0":"post-60868","1":"product","2":"type-product","3":"status-publish","4":"has-post-thumbnail","6":"product_brand-mercedes-benz","7":"pa_manufacturer-mercedes-benz","8":"pa_model-mercedes-benz-a-class-w176","9":"pa_year_from-314","10":"pa_year_to-312","13":"first","14":"onbackorder","15":"taxable","16":"shipping-taxable","17":"purchasable","18":"product-type-simple"},"_links":{"self":[{"href":"https:\/\/www.test.autopakai.lt\/lt\/wp-json\/wp\/v2\/product\/60868","targetHints":{"allow":["GET"]}}],"collection":[{"href":"https:\/\/www.test.autopakai.lt\/lt\/wp-json\/wp\/v2\/product"}],"about":[{"href":"https:\/\/www.test.autopakai.lt\/lt\/wp-json\/wp\/v2\/types\/product"}],"wp:featuredmedia":[{"embeddable":true,"href":"https:\/\/www.test.autopakai.lt\/lt\/wp-json\/wp\/v2\/media\/71232"}],"wp:attachment":[{"href":"https:\/\/www.test.autopakai.lt\/lt\/wp-json\/wp\/v2\/media?parent=60868"}],"wp:term":[{"taxonomy":"product_brand","embeddable":true,"href":"https:\/\/www.test.autopakai.lt\/lt\/wp-json\/wp\/v2\/product_brand?post=60868"},{"taxonomy":"product_cat","embeddable":true,"href":"https:\/\/www.test.autopakai.lt\/lt\/wp-json\/wp\/v2\/product_cat?post=60868"},{"taxonomy":"product_tag","embeddable":true,"href":"https:\/\/www.test.autopakai.lt\/lt\/wp-json\/wp\/v2\/product_tag?post=60868"}],"curies":[{"name":"wp","href":"https:\/\/api.w.org\/{rel}","templated":true}]}}