{"id":61046,"date":"2025-12-01T18:42:39","date_gmt":"2025-12-01T18:42:39","guid":{"rendered":"https:\/\/www.test.autopakai.lt\/lt\/produktas\/front-grille-chrome-black-suitable-for-audi-a4-b9-8w-sedan-avant-15-19\/"},"modified":"2025-12-11T14:38:21","modified_gmt":"2025-12-11T14:38:21","slug":"front-grille-chrome-black-suitable-for-audi-a4-b9-8w-sedan-avant-15-19","status":"publish","type":"product","link":"https:\/\/www.test.autopakai.lt\/lt\/produktas\/front-grille-chrome-black-suitable-for-audi-a4-b9-8w-sedan-avant-15-19\/","title":{"rendered":"Priekin\u0117s grotel\u0117s chromuotos ir juodos, tinkan\u010dios AUDI A4 B9 8W Sedan Avant 15-19"},"content":{"rendered":"","protected":false},"excerpt":{"rendered":"","protected":false},"featured_media":0,"template":"","meta":{"_joinchat":[]},"product_brand":[296],"product_cat":[],"product_tag":[],"class_list":{"0":"post-61046","1":"product","2":"type-product","3":"status-publish","5":"product_brand-audi","6":"pa_manufacturer-audi","7":"pa_model-audi-a4-b9-avant-8w5-8wd","8":"pa_year_from-304","9":"pa_year_to-312","11":"first","12":"onbackorder","13":"taxable","14":"shipping-taxable","15":"purchasable","16":"product-type-simple"},"_links":{"self":[{"href":"https:\/\/www.test.autopakai.lt\/lt\/wp-json\/wp\/v2\/product\/61046","targetHints":{"allow":["GET"]}}],"collection":[{"href":"https:\/\/www.test.autopakai.lt\/lt\/wp-json\/wp\/v2\/product"}],"about":[{"href":"https:\/\/www.test.autopakai.lt\/lt\/wp-json\/wp\/v2\/types\/product"}],"wp:attachment":[{"href":"https:\/\/www.test.autopakai.lt\/lt\/wp-json\/wp\/v2\/media?parent=61046"}],"wp:term":[{"taxonomy":"product_brand","embeddable":true,"href":"https:\/\/www.test.autopakai.lt\/lt\/wp-json\/wp\/v2\/product_brand?post=61046"},{"taxonomy":"product_cat","embeddable":true,"href":"https:\/\/www.test.autopakai.lt\/lt\/wp-json\/wp\/v2\/product_cat?post=61046"},{"taxonomy":"product_tag","embeddable":true,"href":"https:\/\/www.test.autopakai.lt\/lt\/wp-json\/wp\/v2\/product_tag?post=61046"}],"curies":[{"name":"wp","href":"https:\/\/api.w.org\/{rel}","templated":true}]}}