{"id":61062,"date":"2025-12-01T18:42:45","date_gmt":"2025-12-01T18:42:45","guid":{"rendered":"https:\/\/www.test.autopakai.lt\/lt\/produktas\/front-fender-left-with-washer-hole-suitable-for-bmw-x5-e70-facelift-10-13\/"},"modified":"2025-12-11T14:38:28","modified_gmt":"2025-12-11T14:38:28","slug":"front-fender-left-with-washer-hole-suitable-for-bmw-x5-e70-facelift-10-13","status":"publish","type":"product","link":"https:\/\/www.test.autopakai.lt\/lt\/produktas\/front-fender-left-with-washer-hole-suitable-for-bmw-x5-e70-facelift-10-13\/","title":{"rendered":"Priekinis sparnas kair\u0117n su pover\u017el\u0117s skyle, tinkantis BMW X5 E70 Facelift 10-13"},"content":{"rendered":"","protected":false},"excerpt":{"rendered":"","protected":false},"featured_media":0,"template":"","meta":{"_joinchat":[]},"product_brand":[297],"product_cat":[],"product_tag":[],"class_list":{"0":"post-61062","1":"product","2":"type-product","3":"status-publish","5":"product_brand-bmw","6":"pa_manufacturer-bmw","7":"pa_model-bmw-x5-e70","8":"pa_year_from-333","9":"pa_year_to-494","11":"first","12":"onbackorder","13":"taxable","14":"shipping-taxable","15":"purchasable","16":"product-type-simple"},"_links":{"self":[{"href":"https:\/\/www.test.autopakai.lt\/lt\/wp-json\/wp\/v2\/product\/61062","targetHints":{"allow":["GET"]}}],"collection":[{"href":"https:\/\/www.test.autopakai.lt\/lt\/wp-json\/wp\/v2\/product"}],"about":[{"href":"https:\/\/www.test.autopakai.lt\/lt\/wp-json\/wp\/v2\/types\/product"}],"wp:attachment":[{"href":"https:\/\/www.test.autopakai.lt\/lt\/wp-json\/wp\/v2\/media?parent=61062"}],"wp:term":[{"taxonomy":"product_brand","embeddable":true,"href":"https:\/\/www.test.autopakai.lt\/lt\/wp-json\/wp\/v2\/product_brand?post=61062"},{"taxonomy":"product_cat","embeddable":true,"href":"https:\/\/www.test.autopakai.lt\/lt\/wp-json\/wp\/v2\/product_cat?post=61062"},{"taxonomy":"product_tag","embeddable":true,"href":"https:\/\/www.test.autopakai.lt\/lt\/wp-json\/wp\/v2\/product_tag?post=61062"}],"curies":[{"name":"wp","href":"https:\/\/api.w.org\/{rel}","templated":true}]}}