{"id":61106,"date":"2025-12-01T18:43:04","date_gmt":"2025-12-01T18:43:04","guid":{"rendered":"https:\/\/www.test.autopakai.lt\/lt\/produktas\/front-grille-gloss-black-w-pdc-suitable-for-audi-a4-b9-8w-sedan-avant-16-19\/"},"modified":"2025-12-11T14:38:34","modified_gmt":"2025-12-11T14:38:34","slug":"front-grille-gloss-black-w-pdc-suitable-for-audi-a4-b9-8w-sedan-avant-16-19","status":"publish","type":"product","link":"https:\/\/www.test.autopakai.lt\/lt\/produktas\/front-grille-gloss-black-w-pdc-suitable-for-audi-a4-b9-8w-sedan-avant-16-19\/","title":{"rendered":"Priekin\u0117s grotel\u0117s su PDC ir blizgiomis juodomis detal\u0117mis, tinkamos AUDI A4 B9 8W Sedan Avant 16-19"},"content":{"rendered":"","protected":false},"excerpt":{"rendered":"","protected":false},"featured_media":68306,"template":"","meta":{"_joinchat":[]},"product_brand":[296],"product_cat":[],"product_tag":[],"class_list":{"0":"post-61106","1":"product","2":"type-product","3":"status-publish","4":"has-post-thumbnail","6":"product_brand-audi","7":"pa_manufacturer-audi","8":"pa_model-audi-a4-b9-avant-8w5-8wd","9":"pa_year_from-304","10":"pa_year_to-312","13":"first","14":"onbackorder","15":"taxable","16":"shipping-taxable","17":"purchasable","18":"product-type-simple"},"_links":{"self":[{"href":"https:\/\/www.test.autopakai.lt\/lt\/wp-json\/wp\/v2\/product\/61106","targetHints":{"allow":["GET"]}}],"collection":[{"href":"https:\/\/www.test.autopakai.lt\/lt\/wp-json\/wp\/v2\/product"}],"about":[{"href":"https:\/\/www.test.autopakai.lt\/lt\/wp-json\/wp\/v2\/types\/product"}],"wp:featuredmedia":[{"embeddable":true,"href":"https:\/\/www.test.autopakai.lt\/lt\/wp-json\/wp\/v2\/media\/68306"}],"wp:attachment":[{"href":"https:\/\/www.test.autopakai.lt\/lt\/wp-json\/wp\/v2\/media?parent=61106"}],"wp:term":[{"taxonomy":"product_brand","embeddable":true,"href":"https:\/\/www.test.autopakai.lt\/lt\/wp-json\/wp\/v2\/product_brand?post=61106"},{"taxonomy":"product_cat","embeddable":true,"href":"https:\/\/www.test.autopakai.lt\/lt\/wp-json\/wp\/v2\/product_cat?post=61106"},{"taxonomy":"product_tag","embeddable":true,"href":"https:\/\/www.test.autopakai.lt\/lt\/wp-json\/wp\/v2\/product_tag?post=61106"}],"curies":[{"name":"wp","href":"https:\/\/api.w.org\/{rel}","templated":true}]}}