{"id":61126,"date":"2025-12-01T18:43:10","date_gmt":"2025-12-01T18:43:10","guid":{"rendered":"https:\/\/www.test.autopakai.lt\/lt\/produktas\/rear-diffuser-gloss-black-carbon-look-for-bmw-5-g30g31-pre-facelift-17-20\/"},"modified":"2025-12-11T14:38:44","modified_gmt":"2025-12-11T14:38:44","slug":"rear-diffuser-gloss-black-carbon-look-for-bmw-5-g30g31-pre-facelift-17-20","status":"publish","type":"product","link":"https:\/\/www.test.autopakai.lt\/lt\/produktas\/rear-diffuser-gloss-black-carbon-look-for-bmw-5-g30g31-pre-facelift-17-20\/","title":{"rendered":"Blizgios juodos ir anglies pluo\u0161to galinio difuzoriaus apdaila BMW 5 (G30, G31) prie\u0161 atnaujinim\u0105 17-20"},"content":{"rendered":"","protected":false},"excerpt":{"rendered":"","protected":false},"featured_media":0,"template":"","meta":{"_joinchat":[]},"product_brand":[297],"product_cat":[],"product_tag":[],"class_list":{"0":"post-61126","1":"product","2":"type-product","3":"status-publish","5":"product_brand-bmw","6":"pa_manufacturer-bmw","7":"pa_model-bmw-5-g30-f90","8":"pa_year_from-311","9":"pa_year_to-419","11":"first","12":"onbackorder","13":"taxable","14":"shipping-taxable","15":"purchasable","16":"product-type-simple"},"_links":{"self":[{"href":"https:\/\/www.test.autopakai.lt\/lt\/wp-json\/wp\/v2\/product\/61126","targetHints":{"allow":["GET"]}}],"collection":[{"href":"https:\/\/www.test.autopakai.lt\/lt\/wp-json\/wp\/v2\/product"}],"about":[{"href":"https:\/\/www.test.autopakai.lt\/lt\/wp-json\/wp\/v2\/types\/product"}],"wp:attachment":[{"href":"https:\/\/www.test.autopakai.lt\/lt\/wp-json\/wp\/v2\/media?parent=61126"}],"wp:term":[{"taxonomy":"product_brand","embeddable":true,"href":"https:\/\/www.test.autopakai.lt\/lt\/wp-json\/wp\/v2\/product_brand?post=61126"},{"taxonomy":"product_cat","embeddable":true,"href":"https:\/\/www.test.autopakai.lt\/lt\/wp-json\/wp\/v2\/product_cat?post=61126"},{"taxonomy":"product_tag","embeddable":true,"href":"https:\/\/www.test.autopakai.lt\/lt\/wp-json\/wp\/v2\/product_tag?post=61126"}],"curies":[{"name":"wp","href":"https:\/\/api.w.org\/{rel}","templated":true}]}}