{"id":61312,"date":"2025-12-01T18:44:00","date_gmt":"2025-12-01T18:44:00","guid":{"rendered":"https:\/\/www.test.autopakai.lt\/lt\/produktas\/fog-lights-set-yellow-suitable-for-bmw-3-e30-facelift-1988-91\/"},"modified":"2025-12-11T14:38:54","modified_gmt":"2025-12-11T14:38:54","slug":"fog-lights-set-yellow-suitable-for-bmw-3-e30-facelift-1988-91","status":"publish","type":"product","link":"https:\/\/www.test.autopakai.lt\/lt\/produktas\/fog-lights-set-yellow-suitable-for-bmw-3-e30-facelift-1988-91\/","title":{"rendered":"Geltoni r\u016bko \u017eibint\u0173 komplektas, tinkantis BMW 3 E30 Facelift 1988-91"},"content":{"rendered":"","protected":false},"excerpt":{"rendered":"","protected":false},"featured_media":67033,"template":"","meta":{"_joinchat":[]},"product_brand":[297],"product_cat":[],"product_tag":[],"class_list":{"0":"post-61312","1":"product","2":"type-product","3":"status-publish","4":"has-post-thumbnail","6":"product_brand-bmw","7":"pa_manufacturer-bmw","8":"pa_model-bmw-3-e30","9":"pa_year_from-319","10":"pa_year_to-532","13":"first","14":"onbackorder","15":"taxable","16":"shipping-taxable","17":"purchasable","18":"product-type-simple"},"_links":{"self":[{"href":"https:\/\/www.test.autopakai.lt\/lt\/wp-json\/wp\/v2\/product\/61312","targetHints":{"allow":["GET"]}}],"collection":[{"href":"https:\/\/www.test.autopakai.lt\/lt\/wp-json\/wp\/v2\/product"}],"about":[{"href":"https:\/\/www.test.autopakai.lt\/lt\/wp-json\/wp\/v2\/types\/product"}],"wp:featuredmedia":[{"embeddable":true,"href":"https:\/\/www.test.autopakai.lt\/lt\/wp-json\/wp\/v2\/media\/67033"}],"wp:attachment":[{"href":"https:\/\/www.test.autopakai.lt\/lt\/wp-json\/wp\/v2\/media?parent=61312"}],"wp:term":[{"taxonomy":"product_brand","embeddable":true,"href":"https:\/\/www.test.autopakai.lt\/lt\/wp-json\/wp\/v2\/product_brand?post=61312"},{"taxonomy":"product_cat","embeddable":true,"href":"https:\/\/www.test.autopakai.lt\/lt\/wp-json\/wp\/v2\/product_cat?post=61312"},{"taxonomy":"product_tag","embeddable":true,"href":"https:\/\/www.test.autopakai.lt\/lt\/wp-json\/wp\/v2\/product_tag?post=61312"}],"curies":[{"name":"wp","href":"https:\/\/api.w.org\/{rel}","templated":true}]}}