{"id":61324,"date":"2025-12-01T18:44:04","date_gmt":"2025-12-01T18:44:04","guid":{"rendered":"https:\/\/www.test.autopakai.lt\/lt\/produktas\/front-grille-chrome-suitable-for-audi-a5-8t-coupe-cabrio-sportback-12-16\/"},"modified":"2025-12-11T14:38:59","modified_gmt":"2025-12-11T14:38:59","slug":"front-grille-chrome-suitable-for-audi-a5-8t-coupe-cabrio-sportback-12-16","status":"publish","type":"product","link":"https:\/\/www.test.autopakai.lt\/lt\/produktas\/front-grille-chrome-suitable-for-audi-a5-8t-coupe-cabrio-sportback-12-16\/","title":{"rendered":"Priekin\u0117s grotel\u0117s chromuotos, tinkan\u010dios AUDI A5 8T Coupe Cabrio Sportback 12-16"},"content":{"rendered":"","protected":false},"excerpt":{"rendered":"","protected":false},"featured_media":0,"template":"","meta":{"_joinchat":[]},"product_brand":[296],"product_cat":[],"product_tag":[],"class_list":{"0":"post-61324","1":"product","2":"type-product","3":"status-publish","5":"product_brand-audi","6":"pa_manufacturer-audi","7":"pa_model-audi-a5-convertible-8f7","8":"pa_year_from-321","9":"pa_year_to-309","11":"first","12":"onbackorder","13":"taxable","14":"shipping-taxable","15":"purchasable","16":"product-type-simple"},"_links":{"self":[{"href":"https:\/\/www.test.autopakai.lt\/lt\/wp-json\/wp\/v2\/product\/61324","targetHints":{"allow":["GET"]}}],"collection":[{"href":"https:\/\/www.test.autopakai.lt\/lt\/wp-json\/wp\/v2\/product"}],"about":[{"href":"https:\/\/www.test.autopakai.lt\/lt\/wp-json\/wp\/v2\/types\/product"}],"wp:attachment":[{"href":"https:\/\/www.test.autopakai.lt\/lt\/wp-json\/wp\/v2\/media?parent=61324"}],"wp:term":[{"taxonomy":"product_brand","embeddable":true,"href":"https:\/\/www.test.autopakai.lt\/lt\/wp-json\/wp\/v2\/product_brand?post=61324"},{"taxonomy":"product_cat","embeddable":true,"href":"https:\/\/www.test.autopakai.lt\/lt\/wp-json\/wp\/v2\/product_cat?post=61324"},{"taxonomy":"product_tag","embeddable":true,"href":"https:\/\/www.test.autopakai.lt\/lt\/wp-json\/wp\/v2\/product_tag?post=61324"}],"curies":[{"name":"wp","href":"https:\/\/api.w.org\/{rel}","templated":true}]}}