{"id":61338,"date":"2025-12-01T18:44:09","date_gmt":"2025-12-01T18:44:09","guid":{"rendered":"https:\/\/www.test.autopakai.lt\/lt\/produktas\/grille-carbon-look-red-stripes-mercedes-e-w213-c238-20-23\/"},"modified":"2025-12-11T14:39:00","modified_gmt":"2025-12-11T14:39:00","slug":"grille-carbon-look-red-stripes-mercedes-e-w213-c238-20-23","status":"publish","type":"product","link":"https:\/\/www.test.autopakai.lt\/lt\/produktas\/grille-carbon-look-red-stripes-mercedes-e-w213-c238-20-23\/","title":{"rendered":"Grotel\u0117s anglies pluo\u0161to imitacijos, raudonos juostel\u0117s MERCEDES E W213 C238 20-23"},"content":{"rendered":"","protected":false},"excerpt":{"rendered":"","protected":false},"featured_media":69533,"template":"","meta":{"_joinchat":[]},"product_brand":[295],"product_cat":[],"product_tag":[],"class_list":{"0":"post-61338","1":"product","2":"type-product","3":"status-publish","4":"has-post-thumbnail","6":"product_brand-mercedes-benz","7":"pa_manufacturer-mercedes-benz","8":"pa_model-mercedes-benz-e-class-t-model-s213","9":"pa_year_from-486","10":"pa_year_to-305","13":"first","14":"onbackorder","15":"taxable","16":"shipping-taxable","17":"purchasable","18":"product-type-simple"},"_links":{"self":[{"href":"https:\/\/www.test.autopakai.lt\/lt\/wp-json\/wp\/v2\/product\/61338","targetHints":{"allow":["GET"]}}],"collection":[{"href":"https:\/\/www.test.autopakai.lt\/lt\/wp-json\/wp\/v2\/product"}],"about":[{"href":"https:\/\/www.test.autopakai.lt\/lt\/wp-json\/wp\/v2\/types\/product"}],"wp:featuredmedia":[{"embeddable":true,"href":"https:\/\/www.test.autopakai.lt\/lt\/wp-json\/wp\/v2\/media\/69533"}],"wp:attachment":[{"href":"https:\/\/www.test.autopakai.lt\/lt\/wp-json\/wp\/v2\/media?parent=61338"}],"wp:term":[{"taxonomy":"product_brand","embeddable":true,"href":"https:\/\/www.test.autopakai.lt\/lt\/wp-json\/wp\/v2\/product_brand?post=61338"},{"taxonomy":"product_cat","embeddable":true,"href":"https:\/\/www.test.autopakai.lt\/lt\/wp-json\/wp\/v2\/product_cat?post=61338"},{"taxonomy":"product_tag","embeddable":true,"href":"https:\/\/www.test.autopakai.lt\/lt\/wp-json\/wp\/v2\/product_tag?post=61338"}],"curies":[{"name":"wp","href":"https:\/\/api.w.org\/{rel}","templated":true}]}}