{"id":61376,"date":"2025-12-01T18:44:19","date_gmt":"2025-12-01T18:44:19","guid":{"rendered":"https:\/\/www.test.autopakai.lt\/lt\/produktas\/spoiler-lip-gloss-black-suitable-for-mercedes-c-class-w205-cabrio-coupe-14-18\/"},"modified":"2025-12-11T14:39:06","modified_gmt":"2025-12-11T14:39:06","slug":"spoiler-lip-gloss-black-suitable-for-mercedes-c-class-w205-cabrio-coupe-14-18","status":"publish","type":"product","link":"https:\/\/www.test.autopakai.lt\/lt\/produktas\/spoiler-lip-gloss-black-suitable-for-mercedes-c-class-w205-cabrio-coupe-14-18\/","title":{"rendered":"Juodas spoileris l\u016bp\u0173 blizgesiui, tinkantis MERCEDES C klas\u0117s W205 kabrioletui (2014-2018)"},"content":{"rendered":"","protected":false},"excerpt":{"rendered":"","protected":false},"featured_media":0,"template":"","meta":{"_joinchat":[]},"product_brand":[295],"product_cat":[],"product_tag":[],"class_list":{"0":"post-61376","1":"product","2":"type-product","3":"status-publish","5":"product_brand-mercedes-benz","6":"pa_manufacturer-mercedes-benz","7":"pa_model-mercedes-benz-c-class-w205","8":"pa_year_from-418","9":"pa_year_to-322","11":"first","12":"onbackorder","13":"taxable","14":"shipping-taxable","15":"purchasable","16":"product-type-simple"},"_links":{"self":[{"href":"https:\/\/www.test.autopakai.lt\/lt\/wp-json\/wp\/v2\/product\/61376","targetHints":{"allow":["GET"]}}],"collection":[{"href":"https:\/\/www.test.autopakai.lt\/lt\/wp-json\/wp\/v2\/product"}],"about":[{"href":"https:\/\/www.test.autopakai.lt\/lt\/wp-json\/wp\/v2\/types\/product"}],"wp:attachment":[{"href":"https:\/\/www.test.autopakai.lt\/lt\/wp-json\/wp\/v2\/media?parent=61376"}],"wp:term":[{"taxonomy":"product_brand","embeddable":true,"href":"https:\/\/www.test.autopakai.lt\/lt\/wp-json\/wp\/v2\/product_brand?post=61376"},{"taxonomy":"product_cat","embeddable":true,"href":"https:\/\/www.test.autopakai.lt\/lt\/wp-json\/wp\/v2\/product_cat?post=61376"},{"taxonomy":"product_tag","embeddable":true,"href":"https:\/\/www.test.autopakai.lt\/lt\/wp-json\/wp\/v2\/product_tag?post=61376"}],"curies":[{"name":"wp","href":"https:\/\/api.w.org\/{rel}","templated":true}]}}