{"id":61450,"date":"2025-12-01T18:44:38","date_gmt":"2025-12-01T18:44:38","guid":{"rendered":"https:\/\/www.test.autopakai.lt\/lt\/produktas\/exhaust-tail-pipes-chrome-suitable-for-mercedes-cla-c117-coupe-2013-2018\/"},"modified":"2025-12-11T14:39:07","modified_gmt":"2025-12-11T14:39:07","slug":"exhaust-tail-pipes-chrome-suitable-for-mercedes-cla-c117-coupe-2013-2018","status":"publish","type":"product","link":"https:\/\/www.test.autopakai.lt\/lt\/produktas\/exhaust-tail-pipes-chrome-suitable-for-mercedes-cla-c117-coupe-2013-2018\/","title":{"rendered":"Chromuoti i\u0161metimo vamzd\u017eiai, tinkantys MERCEDES CLA (C117) kup\u0117 2013-2018"},"content":{"rendered":"","protected":false},"excerpt":{"rendered":"","protected":false},"featured_media":71848,"template":"","meta":{"_joinchat":[]},"product_brand":[295],"product_cat":[],"product_tag":[],"class_list":{"0":"post-61450","1":"product","2":"type-product","3":"status-publish","4":"has-post-thumbnail","6":"product_brand-mercedes-benz","7":"pa_manufacturer-mercedes-benz","8":"pa_model-mercedes-benz-cla-coupe-c117","9":"pa_year_from-314","10":"pa_year_to-322","13":"first","14":"onbackorder","15":"taxable","16":"shipping-taxable","17":"purchasable","18":"product-type-simple"},"_links":{"self":[{"href":"https:\/\/www.test.autopakai.lt\/lt\/wp-json\/wp\/v2\/product\/61450","targetHints":{"allow":["GET"]}}],"collection":[{"href":"https:\/\/www.test.autopakai.lt\/lt\/wp-json\/wp\/v2\/product"}],"about":[{"href":"https:\/\/www.test.autopakai.lt\/lt\/wp-json\/wp\/v2\/types\/product"}],"wp:featuredmedia":[{"embeddable":true,"href":"https:\/\/www.test.autopakai.lt\/lt\/wp-json\/wp\/v2\/media\/71848"}],"wp:attachment":[{"href":"https:\/\/www.test.autopakai.lt\/lt\/wp-json\/wp\/v2\/media?parent=61450"}],"wp:term":[{"taxonomy":"product_brand","embeddable":true,"href":"https:\/\/www.test.autopakai.lt\/lt\/wp-json\/wp\/v2\/product_brand?post=61450"},{"taxonomy":"product_cat","embeddable":true,"href":"https:\/\/www.test.autopakai.lt\/lt\/wp-json\/wp\/v2\/product_cat?post=61450"},{"taxonomy":"product_tag","embeddable":true,"href":"https:\/\/www.test.autopakai.lt\/lt\/wp-json\/wp\/v2\/product_tag?post=61450"}],"curies":[{"name":"wp","href":"https:\/\/api.w.org\/{rel}","templated":true}]}}