{"id":61550,"date":"2025-12-01T18:45:12","date_gmt":"2025-12-01T18:45:12","guid":{"rendered":"https:\/\/www.test.autopakai.lt\/lt\/produktas\/trunk-spoiler-unpainted-suitable-for-bmw-5-series-e60-sedan-03-10\/"},"modified":"2025-12-11T14:39:23","modified_gmt":"2025-12-11T14:39:23","slug":"trunk-spoiler-unpainted-suitable-for-bmw-5-series-e60-sedan-03-10","status":"publish","type":"product","link":"https:\/\/www.test.autopakai.lt\/lt\/produktas\/trunk-spoiler-unpainted-suitable-for-bmw-5-series-e60-sedan-03-10\/","title":{"rendered":"Baga\u017ein\u0117s spoileris neda\u017eytas, tinkantis BMW 5 serijos E60 sedanui 03-10"},"content":{"rendered":"","protected":false},"excerpt":{"rendered":"","protected":false},"featured_media":0,"template":"","meta":{"_joinchat":[]},"product_brand":[297],"product_cat":[],"product_tag":[],"class_list":{"0":"post-61550","1":"product","2":"type-product","3":"status-publish","5":"product_brand-bmw","6":"pa_manufacturer-bmw","7":"pa_model-bmw-5-e60","8":"pa_year_from-324","9":"pa_year_to-505","11":"first","12":"onbackorder","13":"taxable","14":"shipping-taxable","15":"purchasable","16":"product-type-simple"},"_links":{"self":[{"href":"https:\/\/www.test.autopakai.lt\/lt\/wp-json\/wp\/v2\/product\/61550","targetHints":{"allow":["GET"]}}],"collection":[{"href":"https:\/\/www.test.autopakai.lt\/lt\/wp-json\/wp\/v2\/product"}],"about":[{"href":"https:\/\/www.test.autopakai.lt\/lt\/wp-json\/wp\/v2\/types\/product"}],"wp:attachment":[{"href":"https:\/\/www.test.autopakai.lt\/lt\/wp-json\/wp\/v2\/media?parent=61550"}],"wp:term":[{"taxonomy":"product_brand","embeddable":true,"href":"https:\/\/www.test.autopakai.lt\/lt\/wp-json\/wp\/v2\/product_brand?post=61550"},{"taxonomy":"product_cat","embeddable":true,"href":"https:\/\/www.test.autopakai.lt\/lt\/wp-json\/wp\/v2\/product_cat?post=61550"},{"taxonomy":"product_tag","embeddable":true,"href":"https:\/\/www.test.autopakai.lt\/lt\/wp-json\/wp\/v2\/product_tag?post=61550"}],"curies":[{"name":"wp","href":"https:\/\/api.w.org\/{rel}","templated":true}]}}