{"id":61573,"date":"2025-12-01T18:45:20","date_gmt":"2025-12-01T18:45:20","guid":{"rendered":"https:\/\/www.test.autopakai.lt\/lt\/produktas\/fog-lamp-covers-gloss-black-suitable-for-audi-a1-8x-sportback-10-14\/"},"modified":"2025-12-11T14:39:24","modified_gmt":"2025-12-11T14:39:24","slug":"fog-lamp-covers-gloss-black-suitable-for-audi-a1-8x-sportback-10-14","status":"publish","type":"product","link":"https:\/\/www.test.autopakai.lt\/lt\/produktas\/fog-lamp-covers-gloss-black-suitable-for-audi-a1-8x-sportback-10-14\/","title":{"rendered":"Blizgios juodos spalvos r\u016bko \u017eibint\u0173 dangteliai, tinkantys AUDI A1 8X Sportback 10-14"},"content":{"rendered":"","protected":false},"excerpt":{"rendered":"","protected":false},"featured_media":0,"template":"","meta":{"_joinchat":[]},"product_brand":[296],"product_cat":[],"product_tag":[],"class_list":{"0":"post-61573","1":"product","2":"type-product","3":"status-publish","5":"product_brand-audi","6":"pa_manufacturer-audi","7":"pa_model-audi-a1-8x1-8xk","8":"pa_year_from-411","9":"pa_year_to-412","11":"first","12":"onbackorder","13":"taxable","14":"shipping-taxable","15":"purchasable","16":"product-type-simple"},"_links":{"self":[{"href":"https:\/\/www.test.autopakai.lt\/lt\/wp-json\/wp\/v2\/product\/61573","targetHints":{"allow":["GET"]}}],"collection":[{"href":"https:\/\/www.test.autopakai.lt\/lt\/wp-json\/wp\/v2\/product"}],"about":[{"href":"https:\/\/www.test.autopakai.lt\/lt\/wp-json\/wp\/v2\/types\/product"}],"wp:attachment":[{"href":"https:\/\/www.test.autopakai.lt\/lt\/wp-json\/wp\/v2\/media?parent=61573"}],"wp:term":[{"taxonomy":"product_brand","embeddable":true,"href":"https:\/\/www.test.autopakai.lt\/lt\/wp-json\/wp\/v2\/product_brand?post=61573"},{"taxonomy":"product_cat","embeddable":true,"href":"https:\/\/www.test.autopakai.lt\/lt\/wp-json\/wp\/v2\/product_cat?post=61573"},{"taxonomy":"product_tag","embeddable":true,"href":"https:\/\/www.test.autopakai.lt\/lt\/wp-json\/wp\/v2\/product_tag?post=61573"}],"curies":[{"name":"wp","href":"https:\/\/api.w.org\/{rel}","templated":true}]}}