{"id":61584,"date":"2025-12-01T18:45:23","date_gmt":"2025-12-01T18:45:23","guid":{"rendered":"https:\/\/www.test.autopakai.lt\/lt\/produktas\/bumper-grille-and-fog-lamp-case-suitable-for-golf-7-52017-2020-gloss-black\/"},"modified":"2025-12-11T14:39:30","modified_gmt":"2025-12-11T14:39:30","slug":"bumper-grille-and-fog-lamp-case-suitable-for-golf-7-52017-2020-gloss-black","status":"publish","type":"product","link":"https:\/\/www.test.autopakai.lt\/lt\/produktas\/bumper-grille-and-fog-lamp-case-suitable-for-golf-7-52017-2020-gloss-black\/","title":{"rendered":"BAMPERIO GROTEL\u0116S IR PR\u0116K\u0160TINIO \u017dIBINTO D\u0116\u017dUT\u0116 Tinka Golf 7.52017-2020 Juodos Blizgios Spalvos"},"content":{"rendered":"","protected":false},"excerpt":{"rendered":"","protected":false},"featured_media":63769,"template":"","meta":{"_joinchat":[]},"product_brand":[299],"product_cat":[],"product_tag":[],"class_list":{"0":"post-61584","1":"product","2":"type-product","3":"status-publish","4":"has-post-thumbnail","6":"product_brand-vw","7":"pa_manufacturer-vw","8":"pa_model-vw-golf-vii-5g1-bq1-be1-be2","9":"pa_year_from-311","10":"pa_year_to-421","13":"first","14":"onbackorder","15":"taxable","16":"shipping-taxable","17":"purchasable","18":"product-type-simple"},"_links":{"self":[{"href":"https:\/\/www.test.autopakai.lt\/lt\/wp-json\/wp\/v2\/product\/61584","targetHints":{"allow":["GET"]}}],"collection":[{"href":"https:\/\/www.test.autopakai.lt\/lt\/wp-json\/wp\/v2\/product"}],"about":[{"href":"https:\/\/www.test.autopakai.lt\/lt\/wp-json\/wp\/v2\/types\/product"}],"wp:featuredmedia":[{"embeddable":true,"href":"https:\/\/www.test.autopakai.lt\/lt\/wp-json\/wp\/v2\/media\/63769"}],"wp:attachment":[{"href":"https:\/\/www.test.autopakai.lt\/lt\/wp-json\/wp\/v2\/media?parent=61584"}],"wp:term":[{"taxonomy":"product_brand","embeddable":true,"href":"https:\/\/www.test.autopakai.lt\/lt\/wp-json\/wp\/v2\/product_brand?post=61584"},{"taxonomy":"product_cat","embeddable":true,"href":"https:\/\/www.test.autopakai.lt\/lt\/wp-json\/wp\/v2\/product_cat?post=61584"},{"taxonomy":"product_tag","embeddable":true,"href":"https:\/\/www.test.autopakai.lt\/lt\/wp-json\/wp\/v2\/product_tag?post=61584"}],"curies":[{"name":"wp","href":"https:\/\/api.w.org\/{rel}","templated":true}]}}