{"id":61624,"date":"2025-12-01T18:45:33","date_gmt":"2025-12-01T18:45:33","guid":{"rendered":"https:\/\/www.test.autopakai.lt\/lt\/produktas\/grille-all-gloss-black-for-mercedes-c-class-w204s204-pre-facelift-07-11\/"},"modified":"2025-12-11T14:39:34","modified_gmt":"2025-12-11T14:39:34","slug":"grille-all-gloss-black-for-mercedes-c-class-w204s204-pre-facelift-07-11","status":"publish","type":"product","link":"https:\/\/www.test.autopakai.lt\/lt\/produktas\/grille-all-gloss-black-for-mercedes-c-class-w204s204-pre-facelift-07-11\/","title":{"rendered":"Juodos blizgios grotel\u0117s MERCEDES C klasei (W204, S204) prie\u0161 feislift\u0105 07-11"},"content":{"rendered":"","protected":false},"excerpt":{"rendered":"","protected":false},"featured_media":0,"template":"","meta":{"_joinchat":[]},"product_brand":[295],"product_cat":[],"product_tag":[],"class_list":{"0":"post-61624","1":"product","2":"type-product","3":"status-publish","5":"product_brand-mercedes-benz","6":"pa_manufacturer-mercedes-benz","7":"pa_model-mercedes-benz-c-class-w204","8":"pa_year_from-445","9":"pa_year_to-328","11":"first","12":"onbackorder","13":"taxable","14":"shipping-taxable","15":"purchasable","16":"product-type-simple"},"_links":{"self":[{"href":"https:\/\/www.test.autopakai.lt\/lt\/wp-json\/wp\/v2\/product\/61624","targetHints":{"allow":["GET"]}}],"collection":[{"href":"https:\/\/www.test.autopakai.lt\/lt\/wp-json\/wp\/v2\/product"}],"about":[{"href":"https:\/\/www.test.autopakai.lt\/lt\/wp-json\/wp\/v2\/types\/product"}],"wp:attachment":[{"href":"https:\/\/www.test.autopakai.lt\/lt\/wp-json\/wp\/v2\/media?parent=61624"}],"wp:term":[{"taxonomy":"product_brand","embeddable":true,"href":"https:\/\/www.test.autopakai.lt\/lt\/wp-json\/wp\/v2\/product_brand?post=61624"},{"taxonomy":"product_cat","embeddable":true,"href":"https:\/\/www.test.autopakai.lt\/lt\/wp-json\/wp\/v2\/product_cat?post=61624"},{"taxonomy":"product_tag","embeddable":true,"href":"https:\/\/www.test.autopakai.lt\/lt\/wp-json\/wp\/v2\/product_tag?post=61624"}],"curies":[{"name":"wp","href":"https:\/\/api.w.org\/{rel}","templated":true}]}}