{"id":61761,"date":"2025-12-01T18:46:20","date_gmt":"2025-12-01T18:46:20","guid":{"rendered":"https:\/\/www.test.autopakai.lt\/lt\/produktas\/rear-trunk-spoiler-carbon-look-suitable-for-bmw-3-f30-sedan-2011-2018\/"},"modified":"2025-12-11T14:39:55","modified_gmt":"2025-12-11T14:39:55","slug":"rear-trunk-spoiler-carbon-look-suitable-for-bmw-3-f30-sedan-2011-2018","status":"publish","type":"product","link":"https:\/\/www.test.autopakai.lt\/lt\/produktas\/rear-trunk-spoiler-carbon-look-suitable-for-bmw-3-f30-sedan-2011-2018\/","title":{"rendered":"Galinis baga\u017ein\u0117s spoileris su anglies pluo\u0161to imitacija, tinkantis BMW 3 (F30) sedanui 2011\u20132018 m."},"content":{"rendered":"","protected":false},"excerpt":{"rendered":"","protected":false},"featured_media":0,"template":"","meta":{"_joinchat":[]},"product_brand":[297],"product_cat":[],"product_tag":[],"class_list":{"0":"post-61761","1":"product","2":"type-product","3":"status-publish","5":"product_brand-bmw","6":"pa_manufacturer-bmw","7":"pa_model-bmw-3-f30-f80","8":"pa_year_from-411","9":"pa_year_to-322","11":"first","12":"onbackorder","13":"taxable","14":"shipping-taxable","15":"purchasable","16":"product-type-simple"},"_links":{"self":[{"href":"https:\/\/www.test.autopakai.lt\/lt\/wp-json\/wp\/v2\/product\/61761","targetHints":{"allow":["GET"]}}],"collection":[{"href":"https:\/\/www.test.autopakai.lt\/lt\/wp-json\/wp\/v2\/product"}],"about":[{"href":"https:\/\/www.test.autopakai.lt\/lt\/wp-json\/wp\/v2\/types\/product"}],"wp:attachment":[{"href":"https:\/\/www.test.autopakai.lt\/lt\/wp-json\/wp\/v2\/media?parent=61761"}],"wp:term":[{"taxonomy":"product_brand","embeddable":true,"href":"https:\/\/www.test.autopakai.lt\/lt\/wp-json\/wp\/v2\/product_brand?post=61761"},{"taxonomy":"product_cat","embeddable":true,"href":"https:\/\/www.test.autopakai.lt\/lt\/wp-json\/wp\/v2\/product_cat?post=61761"},{"taxonomy":"product_tag","embeddable":true,"href":"https:\/\/www.test.autopakai.lt\/lt\/wp-json\/wp\/v2\/product_tag?post=61761"}],"curies":[{"name":"wp","href":"https:\/\/api.w.org\/{rel}","templated":true}]}}