{"id":61782,"date":"2025-12-01T18:46:26","date_gmt":"2025-12-01T18:46:26","guid":{"rendered":"https:\/\/www.test.autopakai.lt\/lt\/produktas\/front-grille-gloss-black-suitable-for-bmw-x3-g01-x4-g02-facelift-21-on-diamond\/"},"modified":"2025-12-11T14:39:59","modified_gmt":"2025-12-11T14:39:59","slug":"front-grille-gloss-black-suitable-for-bmw-x3-g01-x4-g02-facelift-21-on-diamond","status":"publish","type":"product","link":"https:\/\/www.test.autopakai.lt\/lt\/produktas\/front-grille-gloss-black-suitable-for-bmw-x3-g01-x4-g02-facelift-21-on-diamond\/","title":{"rendered":"Priekin\u0117s grotel\u0117s blizgios juodos, tinkan\u010dios BMW X3 G01, X4 G02 Facelift 21-On Diamond"},"content":{"rendered":"","protected":false},"excerpt":{"rendered":"","protected":false},"featured_media":69191,"template":"","meta":{"_joinchat":[]},"product_brand":[297],"product_cat":[],"product_tag":[],"class_list":{"0":"post-61782","1":"product","2":"type-product","3":"status-publish","4":"has-post-thumbnail","6":"product_brand-bmw","7":"pa_manufacturer-bmw","8":"pa_model-bmw-x3-g01-f97","9":"pa_year_from-486","12":"first","13":"onbackorder","14":"taxable","15":"shipping-taxable","16":"purchasable","17":"product-type-simple"},"_links":{"self":[{"href":"https:\/\/www.test.autopakai.lt\/lt\/wp-json\/wp\/v2\/product\/61782","targetHints":{"allow":["GET"]}}],"collection":[{"href":"https:\/\/www.test.autopakai.lt\/lt\/wp-json\/wp\/v2\/product"}],"about":[{"href":"https:\/\/www.test.autopakai.lt\/lt\/wp-json\/wp\/v2\/types\/product"}],"wp:featuredmedia":[{"embeddable":true,"href":"https:\/\/www.test.autopakai.lt\/lt\/wp-json\/wp\/v2\/media\/69191"}],"wp:attachment":[{"href":"https:\/\/www.test.autopakai.lt\/lt\/wp-json\/wp\/v2\/media?parent=61782"}],"wp:term":[{"taxonomy":"product_brand","embeddable":true,"href":"https:\/\/www.test.autopakai.lt\/lt\/wp-json\/wp\/v2\/product_brand?post=61782"},{"taxonomy":"product_cat","embeddable":true,"href":"https:\/\/www.test.autopakai.lt\/lt\/wp-json\/wp\/v2\/product_cat?post=61782"},{"taxonomy":"product_tag","embeddable":true,"href":"https:\/\/www.test.autopakai.lt\/lt\/wp-json\/wp\/v2\/product_tag?post=61782"}],"curies":[{"name":"wp","href":"https:\/\/api.w.org\/{rel}","templated":true}]}}