{"id":61891,"date":"2025-12-01T18:47:01","date_gmt":"2025-12-01T18:47:01","guid":{"rendered":"https:\/\/www.test.autopakai.lt\/lt\/produktas\/fog-light-covers-chrome-black-suitable-for-audi-a4-b8-8k-sedan-avant-11-15\/"},"modified":"2025-12-11T14:40:09","modified_gmt":"2025-12-11T14:40:09","slug":"fog-light-covers-chrome-black-suitable-for-audi-a4-b8-8k-sedan-avant-11-15","status":"publish","type":"product","link":"https:\/\/www.test.autopakai.lt\/lt\/produktas\/fog-light-covers-chrome-black-suitable-for-audi-a4-b8-8k-sedan-avant-11-15\/","title":{"rendered":"Chromuoti ir juodi r\u016bko \u017eibint\u0173 dangteliai, tinkantys AUDI A4 B8 8K Sedan Avant 11-15"},"content":{"rendered":"","protected":false},"excerpt":{"rendered":"","protected":false},"featured_media":66695,"template":"","meta":{"_joinchat":[]},"product_brand":[296,362,369],"product_cat":[],"product_tag":[],"class_list":{"0":"post-61891","1":"product","2":"type-product","3":"status-publish","4":"has-post-thumbnail","6":"product_brand-audi","7":"product_brand-mini","8":"product_brand-mitsubishi","9":"pa_manufacturer-audi","10":"pa_manufacturer-mini","11":"pa_manufacturer-mitsubishi","12":"pa_model-audi-a4-b8-avant-8k5","13":"pa_year_from-411","14":"pa_year_to-412","17":"first","18":"onbackorder","19":"taxable","20":"shipping-taxable","21":"purchasable","22":"product-type-simple"},"_links":{"self":[{"href":"https:\/\/www.test.autopakai.lt\/lt\/wp-json\/wp\/v2\/product\/61891","targetHints":{"allow":["GET"]}}],"collection":[{"href":"https:\/\/www.test.autopakai.lt\/lt\/wp-json\/wp\/v2\/product"}],"about":[{"href":"https:\/\/www.test.autopakai.lt\/lt\/wp-json\/wp\/v2\/types\/product"}],"wp:featuredmedia":[{"embeddable":true,"href":"https:\/\/www.test.autopakai.lt\/lt\/wp-json\/wp\/v2\/media\/66695"}],"wp:attachment":[{"href":"https:\/\/www.test.autopakai.lt\/lt\/wp-json\/wp\/v2\/media?parent=61891"}],"wp:term":[{"taxonomy":"product_brand","embeddable":true,"href":"https:\/\/www.test.autopakai.lt\/lt\/wp-json\/wp\/v2\/product_brand?post=61891"},{"taxonomy":"product_cat","embeddable":true,"href":"https:\/\/www.test.autopakai.lt\/lt\/wp-json\/wp\/v2\/product_cat?post=61891"},{"taxonomy":"product_tag","embeddable":true,"href":"https:\/\/www.test.autopakai.lt\/lt\/wp-json\/wp\/v2\/product_tag?post=61891"}],"curies":[{"name":"wp","href":"https:\/\/api.w.org\/{rel}","templated":true}]}}