{"id":61938,"date":"2025-12-01T18:47:19","date_gmt":"2025-12-01T18:47:19","guid":{"rendered":"https:\/\/www.test.autopakai.lt\/lt\/produktas\/front-fender-grille-set-silver-for-land-rover-range-rover-iii-l322-2002-2013\/"},"modified":"2025-12-11T14:39:54","modified_gmt":"2025-12-11T14:39:54","slug":"front-fender-grille-set-silver-for-land-rover-range-rover-iii-l322-2002-2013","status":"publish","type":"product","link":"https:\/\/www.test.autopakai.lt\/lt\/produktas\/front-fender-grille-set-silver-for-land-rover-range-rover-iii-l322-2002-2013\/","title":{"rendered":"Priekini\u0173 sparn\u0173 groteli\u0173 komplektas, sidabrin\u0117s spalvos, skirtas LAND ROVER RANGE ROVER III (L322) 2002\u20132013 m."},"content":{"rendered":"","protected":false},"excerpt":{"rendered":"","protected":false},"featured_media":66949,"template":"","meta":{"_joinchat":[]},"product_brand":[385],"product_cat":[],"product_tag":[],"class_list":{"0":"post-61938","1":"product","2":"type-product","3":"status-publish","4":"has-post-thumbnail","6":"product_brand-land-rover","7":"pa_manufacturer-land-rover","8":"pa_model-land-rover-range-rover-iii-l322","9":"pa_year_from-457","10":"pa_year_to-494","13":"first","14":"onbackorder","15":"taxable","16":"shipping-taxable","17":"purchasable","18":"product-type-simple"},"_links":{"self":[{"href":"https:\/\/www.test.autopakai.lt\/lt\/wp-json\/wp\/v2\/product\/61938","targetHints":{"allow":["GET"]}}],"collection":[{"href":"https:\/\/www.test.autopakai.lt\/lt\/wp-json\/wp\/v2\/product"}],"about":[{"href":"https:\/\/www.test.autopakai.lt\/lt\/wp-json\/wp\/v2\/types\/product"}],"wp:featuredmedia":[{"embeddable":true,"href":"https:\/\/www.test.autopakai.lt\/lt\/wp-json\/wp\/v2\/media\/66949"}],"wp:attachment":[{"href":"https:\/\/www.test.autopakai.lt\/lt\/wp-json\/wp\/v2\/media?parent=61938"}],"wp:term":[{"taxonomy":"product_brand","embeddable":true,"href":"https:\/\/www.test.autopakai.lt\/lt\/wp-json\/wp\/v2\/product_brand?post=61938"},{"taxonomy":"product_cat","embeddable":true,"href":"https:\/\/www.test.autopakai.lt\/lt\/wp-json\/wp\/v2\/product_cat?post=61938"},{"taxonomy":"product_tag","embeddable":true,"href":"https:\/\/www.test.autopakai.lt\/lt\/wp-json\/wp\/v2\/product_tag?post=61938"}],"curies":[{"name":"wp","href":"https:\/\/api.w.org\/{rel}","templated":true}]}}