{"id":61964,"date":"2025-12-01T18:47:26","date_gmt":"2025-12-01T18:47:26","guid":{"rendered":"https:\/\/www.test.autopakai.lt\/lt\/produktas\/front-grille-silver-for-mercedes-c-class-w205-sedan-estate-coupe-cabrio-18-21\/"},"modified":"2025-12-11T14:40:01","modified_gmt":"2025-12-11T14:40:01","slug":"front-grille-silver-for-mercedes-c-class-w205-sedan-estate-coupe-cabrio-18-21","status":"publish","type":"product","link":"https:\/\/www.test.autopakai.lt\/lt\/produktas\/front-grille-silver-for-mercedes-c-class-w205-sedan-estate-coupe-cabrio-18-21\/","title":{"rendered":"Priekin\u0117s grotel\u0117s sidabrin\u0117s, skirtos MERCEDES C klas\u0117s W205 sedanui, universalui, kup\u0117, kabrioletui 18-21"},"content":{"rendered":"","protected":false},"excerpt":{"rendered":"","protected":false},"featured_media":0,"template":"","meta":{"_joinchat":[]},"product_brand":[295],"product_cat":[],"product_tag":[],"class_list":{"0":"post-61964","1":"product","2":"type-product","3":"status-publish","5":"product_brand-mercedes-benz","6":"pa_manufacturer-mercedes-benz","7":"pa_model-mercedes-benz-c-class-w205","8":"pa_year_from-302","9":"pa_year_to-421","11":"first","12":"onbackorder","13":"taxable","14":"shipping-taxable","15":"purchasable","16":"product-type-simple"},"_links":{"self":[{"href":"https:\/\/www.test.autopakai.lt\/lt\/wp-json\/wp\/v2\/product\/61964","targetHints":{"allow":["GET"]}}],"collection":[{"href":"https:\/\/www.test.autopakai.lt\/lt\/wp-json\/wp\/v2\/product"}],"about":[{"href":"https:\/\/www.test.autopakai.lt\/lt\/wp-json\/wp\/v2\/types\/product"}],"wp:attachment":[{"href":"https:\/\/www.test.autopakai.lt\/lt\/wp-json\/wp\/v2\/media?parent=61964"}],"wp:term":[{"taxonomy":"product_brand","embeddable":true,"href":"https:\/\/www.test.autopakai.lt\/lt\/wp-json\/wp\/v2\/product_brand?post=61964"},{"taxonomy":"product_cat","embeddable":true,"href":"https:\/\/www.test.autopakai.lt\/lt\/wp-json\/wp\/v2\/product_cat?post=61964"},{"taxonomy":"product_tag","embeddable":true,"href":"https:\/\/www.test.autopakai.lt\/lt\/wp-json\/wp\/v2\/product_tag?post=61964"}],"curies":[{"name":"wp","href":"https:\/\/api.w.org\/{rel}","templated":true}]}}