{"id":62011,"date":"2025-12-01T18:47:41","date_gmt":"2025-12-01T18:47:41","guid":{"rendered":"https:\/\/www.test.autopakai.lt\/lt\/produktas\/front-grille-gloss-black-fit-for-mercedes-c-class-w206-sedan-21-panamericana-gt\/"},"modified":"2025-12-11T14:40:19","modified_gmt":"2025-12-11T14:40:19","slug":"front-grille-gloss-black-fit-for-mercedes-c-class-w206-sedan-21-panamericana-gt","status":"publish","type":"product","link":"https:\/\/www.test.autopakai.lt\/lt\/produktas\/front-grille-gloss-black-fit-for-mercedes-c-class-w206-sedan-21-panamericana-gt\/","title":{"rendered":"Priekin\u0117s grotel\u0117s, blizgios juodos, tinka MERCEDES C klas\u0117s W206 sedanui 21- Panamericana GT"},"content":{"rendered":"","protected":false},"excerpt":{"rendered":"","protected":false},"featured_media":69743,"template":"","meta":{"_joinchat":[]},"product_brand":[295],"product_cat":[],"product_tag":[],"class_list":{"0":"post-62011","1":"product","2":"type-product","3":"status-publish","4":"has-post-thumbnail","6":"product_brand-mercedes-benz","7":"pa_manufacturer-mercedes-benz","8":"pa_model-mercedes-benz-c-class-w206","9":"pa_year_from-486","12":"first","13":"onbackorder","14":"taxable","15":"shipping-taxable","16":"purchasable","17":"product-type-simple"},"_links":{"self":[{"href":"https:\/\/www.test.autopakai.lt\/lt\/wp-json\/wp\/v2\/product\/62011","targetHints":{"allow":["GET"]}}],"collection":[{"href":"https:\/\/www.test.autopakai.lt\/lt\/wp-json\/wp\/v2\/product"}],"about":[{"href":"https:\/\/www.test.autopakai.lt\/lt\/wp-json\/wp\/v2\/types\/product"}],"wp:featuredmedia":[{"embeddable":true,"href":"https:\/\/www.test.autopakai.lt\/lt\/wp-json\/wp\/v2\/media\/69743"}],"wp:attachment":[{"href":"https:\/\/www.test.autopakai.lt\/lt\/wp-json\/wp\/v2\/media?parent=62011"}],"wp:term":[{"taxonomy":"product_brand","embeddable":true,"href":"https:\/\/www.test.autopakai.lt\/lt\/wp-json\/wp\/v2\/product_brand?post=62011"},{"taxonomy":"product_cat","embeddable":true,"href":"https:\/\/www.test.autopakai.lt\/lt\/wp-json\/wp\/v2\/product_cat?post=62011"},{"taxonomy":"product_tag","embeddable":true,"href":"https:\/\/www.test.autopakai.lt\/lt\/wp-json\/wp\/v2\/product_tag?post=62011"}],"curies":[{"name":"wp","href":"https:\/\/api.w.org\/{rel}","templated":true}]}}