{"id":62016,"date":"2025-12-01T18:47:42","date_gmt":"2025-12-01T18:47:42","guid":{"rendered":"https:\/\/www.test.autopakai.lt\/lt\/produktas\/fog-lights-set-yellow-suitable-for-seat-vw-2010\/"},"modified":"2025-12-11T14:40:25","modified_gmt":"2025-12-11T14:40:25","slug":"fog-lights-set-yellow-suitable-for-seat-vw-2010","status":"publish","type":"product","link":"https:\/\/www.test.autopakai.lt\/lt\/produktas\/fog-lights-set-yellow-suitable-for-seat-vw-2010\/","title":{"rendered":"Geltoni r\u016bko \u017eibint\u0173 komplektas, tinkantis SEAT, VW 2010-&gt;"},"content":{"rendered":"","protected":false},"excerpt":{"rendered":"","protected":false},"featured_media":0,"template":"","meta":{"_joinchat":[]},"product_brand":[300,299],"product_cat":[],"product_tag":[],"class_list":{"0":"post-62016","1":"product","2":"type-product","3":"status-publish","5":"product_brand-seat","6":"product_brand-vw","7":"pa_manufacturer-vw","8":"pa_manufacturer-seat","9":"pa_model-vw-beetle-5c1-5c2","10":"pa_year_from-333","12":"first","13":"onbackorder","14":"taxable","15":"shipping-taxable","16":"purchasable","17":"product-type-simple"},"_links":{"self":[{"href":"https:\/\/www.test.autopakai.lt\/lt\/wp-json\/wp\/v2\/product\/62016","targetHints":{"allow":["GET"]}}],"collection":[{"href":"https:\/\/www.test.autopakai.lt\/lt\/wp-json\/wp\/v2\/product"}],"about":[{"href":"https:\/\/www.test.autopakai.lt\/lt\/wp-json\/wp\/v2\/types\/product"}],"wp:attachment":[{"href":"https:\/\/www.test.autopakai.lt\/lt\/wp-json\/wp\/v2\/media?parent=62016"}],"wp:term":[{"taxonomy":"product_brand","embeddable":true,"href":"https:\/\/www.test.autopakai.lt\/lt\/wp-json\/wp\/v2\/product_brand?post=62016"},{"taxonomy":"product_cat","embeddable":true,"href":"https:\/\/www.test.autopakai.lt\/lt\/wp-json\/wp\/v2\/product_cat?post=62016"},{"taxonomy":"product_tag","embeddable":true,"href":"https:\/\/www.test.autopakai.lt\/lt\/wp-json\/wp\/v2\/product_tag?post=62016"}],"curies":[{"name":"wp","href":"https:\/\/api.w.org\/{rel}","templated":true}]}}