{"id":62025,"date":"2025-12-01T18:47:46","date_gmt":"2025-12-01T18:47:46","guid":{"rendered":"https:\/\/www.test.autopakai.lt\/lt\/produktas\/front-grille-chrome-suitable-for-mercedes-gla-x156-13-16-panamericana-gt\/"},"modified":"2025-12-11T14:40:21","modified_gmt":"2025-12-11T14:40:21","slug":"front-grille-chrome-suitable-for-mercedes-gla-x156-13-16-panamericana-gt","status":"publish","type":"product","link":"https:\/\/www.test.autopakai.lt\/lt\/produktas\/front-grille-chrome-suitable-for-mercedes-gla-x156-13-16-panamericana-gt\/","title":{"rendered":"Priekin\u0117s grotel\u0117s chromuotos, tinkan\u010dios MERCEDES GLA X156 13-16 Panamericana GT"},"content":{"rendered":"","protected":false},"excerpt":{"rendered":"","protected":false},"featured_media":0,"template":"","meta":{"_joinchat":[]},"product_brand":[395,295],"product_cat":[],"product_tag":[],"class_list":{"0":"post-62025","1":"product","2":"type-product","3":"status-publish","5":"product_brand-ford-usa","6":"product_brand-mercedes-benz","7":"pa_manufacturer-mercedes-benz","8":"pa_manufacturer-ford-usa","9":"pa_model-mercedes-benz-gla-class-x156","10":"pa_year_from-418","11":"pa_year_to-447","13":"first","14":"onbackorder","15":"taxable","16":"shipping-taxable","17":"purchasable","18":"product-type-simple"},"_links":{"self":[{"href":"https:\/\/www.test.autopakai.lt\/lt\/wp-json\/wp\/v2\/product\/62025","targetHints":{"allow":["GET"]}}],"collection":[{"href":"https:\/\/www.test.autopakai.lt\/lt\/wp-json\/wp\/v2\/product"}],"about":[{"href":"https:\/\/www.test.autopakai.lt\/lt\/wp-json\/wp\/v2\/types\/product"}],"wp:attachment":[{"href":"https:\/\/www.test.autopakai.lt\/lt\/wp-json\/wp\/v2\/media?parent=62025"}],"wp:term":[{"taxonomy":"product_brand","embeddable":true,"href":"https:\/\/www.test.autopakai.lt\/lt\/wp-json\/wp\/v2\/product_brand?post=62025"},{"taxonomy":"product_cat","embeddable":true,"href":"https:\/\/www.test.autopakai.lt\/lt\/wp-json\/wp\/v2\/product_cat?post=62025"},{"taxonomy":"product_tag","embeddable":true,"href":"https:\/\/www.test.autopakai.lt\/lt\/wp-json\/wp\/v2\/product_tag?post=62025"}],"curies":[{"name":"wp","href":"https:\/\/api.w.org\/{rel}","templated":true}]}}