{"id":62049,"date":"2025-12-01T18:47:52","date_gmt":"2025-12-01T18:47:52","guid":{"rendered":"https:\/\/www.test.autopakai.lt\/lt\/produktas\/trunk-spoiler-gloss-black-suitable-for-mercedes-a-class-v177-sedan-18\/"},"modified":"2025-12-11T14:39:59","modified_gmt":"2025-12-11T14:39:59","slug":"trunk-spoiler-gloss-black-suitable-for-mercedes-a-class-v177-sedan-18","status":"publish","type":"product","link":"https:\/\/www.test.autopakai.lt\/lt\/produktas\/trunk-spoiler-gloss-black-suitable-for-mercedes-a-class-v177-sedan-18\/","title":{"rendered":"Baga\u017ein\u0117s spoileris, blizgus juodas, tinkantis MERCEDES A klas\u0117s V177 sedanui 18-"},"content":{"rendered":"","protected":false},"excerpt":{"rendered":"","protected":false},"featured_media":0,"template":"","meta":{"_joinchat":[]},"product_brand":[295],"product_cat":[],"product_tag":[],"class_list":{"0":"post-62049","1":"product","2":"type-product","3":"status-publish","5":"product_brand-mercedes-benz","6":"pa_manufacturer-mercedes-benz","7":"pa_model-mercedes-benz-a-class-saloon-v177","8":"pa_year_from-302","10":"first","11":"onbackorder","12":"taxable","13":"shipping-taxable","14":"purchasable","15":"product-type-simple"},"_links":{"self":[{"href":"https:\/\/www.test.autopakai.lt\/lt\/wp-json\/wp\/v2\/product\/62049","targetHints":{"allow":["GET"]}}],"collection":[{"href":"https:\/\/www.test.autopakai.lt\/lt\/wp-json\/wp\/v2\/product"}],"about":[{"href":"https:\/\/www.test.autopakai.lt\/lt\/wp-json\/wp\/v2\/types\/product"}],"wp:attachment":[{"href":"https:\/\/www.test.autopakai.lt\/lt\/wp-json\/wp\/v2\/media?parent=62049"}],"wp:term":[{"taxonomy":"product_brand","embeddable":true,"href":"https:\/\/www.test.autopakai.lt\/lt\/wp-json\/wp\/v2\/product_brand?post=62049"},{"taxonomy":"product_cat","embeddable":true,"href":"https:\/\/www.test.autopakai.lt\/lt\/wp-json\/wp\/v2\/product_cat?post=62049"},{"taxonomy":"product_tag","embeddable":true,"href":"https:\/\/www.test.autopakai.lt\/lt\/wp-json\/wp\/v2\/product_tag?post=62049"}],"curies":[{"name":"wp","href":"https:\/\/api.w.org\/{rel}","templated":true}]}}