{"id":62064,"date":"2025-12-01T18:47:56","date_gmt":"2025-12-01T18:47:56","guid":{"rendered":"https:\/\/www.test.autopakai.lt\/lt\/produktas\/fog-lamp-covers-gloss-black-suitable-for-audi-a4-b8-8k-sedan-avant-12-15\/"},"modified":"2025-12-11T14:40:11","modified_gmt":"2025-12-11T14:40:11","slug":"fog-lamp-covers-gloss-black-suitable-for-audi-a4-b8-8k-sedan-avant-12-15","status":"publish","type":"product","link":"https:\/\/www.test.autopakai.lt\/lt\/produktas\/fog-lamp-covers-gloss-black-suitable-for-audi-a4-b8-8k-sedan-avant-12-15\/","title":{"rendered":"Blizgios juodos spalvos r\u016bko \u017eibint\u0173 dangteliai, tinkantys AUDI A4 B8 8K Sedan Avant 12-15"},"content":{"rendered":"","protected":false},"excerpt":{"rendered":"","protected":false},"featured_media":66796,"template":"","meta":{"_joinchat":[]},"product_brand":[296],"product_cat":[],"product_tag":[],"class_list":{"0":"post-62064","1":"product","2":"type-product","3":"status-publish","4":"has-post-thumbnail","6":"product_brand-audi","7":"pa_manufacturer-audi","8":"pa_model-audi-a4-b8-8k2","9":"pa_year_from-321","10":"pa_year_to-412","13":"first","14":"onbackorder","15":"taxable","16":"shipping-taxable","17":"purchasable","18":"product-type-simple"},"_links":{"self":[{"href":"https:\/\/www.test.autopakai.lt\/lt\/wp-json\/wp\/v2\/product\/62064","targetHints":{"allow":["GET"]}}],"collection":[{"href":"https:\/\/www.test.autopakai.lt\/lt\/wp-json\/wp\/v2\/product"}],"about":[{"href":"https:\/\/www.test.autopakai.lt\/lt\/wp-json\/wp\/v2\/types\/product"}],"wp:featuredmedia":[{"embeddable":true,"href":"https:\/\/www.test.autopakai.lt\/lt\/wp-json\/wp\/v2\/media\/66796"}],"wp:attachment":[{"href":"https:\/\/www.test.autopakai.lt\/lt\/wp-json\/wp\/v2\/media?parent=62064"}],"wp:term":[{"taxonomy":"product_brand","embeddable":true,"href":"https:\/\/www.test.autopakai.lt\/lt\/wp-json\/wp\/v2\/product_brand?post=62064"},{"taxonomy":"product_cat","embeddable":true,"href":"https:\/\/www.test.autopakai.lt\/lt\/wp-json\/wp\/v2\/product_cat?post=62064"},{"taxonomy":"product_tag","embeddable":true,"href":"https:\/\/www.test.autopakai.lt\/lt\/wp-json\/wp\/v2\/product_tag?post=62064"}],"curies":[{"name":"wp","href":"https:\/\/api.w.org\/{rel}","templated":true}]}}