{"id":62072,"date":"2025-12-01T18:47:58","date_gmt":"2025-12-01T18:47:58","guid":{"rendered":"https:\/\/www.test.autopakai.lt\/lt\/produktas\/front-grille-gloss-black-suitable-for-bmw-3-g20g21-sedan-touring-22-diamond\/"},"modified":"2025-12-11T14:40:13","modified_gmt":"2025-12-11T14:40:13","slug":"front-grille-gloss-black-suitable-for-bmw-3-g20g21-sedan-touring-22-diamond","status":"publish","type":"product","link":"https:\/\/www.test.autopakai.lt\/lt\/produktas\/front-grille-gloss-black-suitable-for-bmw-3-g20g21-sedan-touring-22-diamond\/","title":{"rendered":"Priekin\u0117s grotel\u0117s blizgios juodos, tinkan\u010dios BMW 3 G20, G21 Sedan Touring 22- Diamond"},"content":{"rendered":"","protected":false},"excerpt":{"rendered":"","protected":false},"featured_media":69257,"template":"","meta":{"_joinchat":[]},"product_brand":[296,297,364,365],"product_cat":[],"product_tag":[],"class_list":{"0":"post-62072","1":"product","2":"type-product","3":"status-publish","4":"has-post-thumbnail","6":"product_brand-audi","7":"product_brand-bmw","8":"product_brand-chrysler","9":"product_brand-toyota","10":"pa_manufacturer-bmw","11":"pa_manufacturer-audi","12":"pa_manufacturer-toyota","13":"pa_manufacturer-chrysler","14":"pa_model-bmw-3-g20-g80-g28","15":"pa_year_from-451","18":"first","19":"onbackorder","20":"taxable","21":"shipping-taxable","22":"purchasable","23":"product-type-simple"},"_links":{"self":[{"href":"https:\/\/www.test.autopakai.lt\/lt\/wp-json\/wp\/v2\/product\/62072","targetHints":{"allow":["GET"]}}],"collection":[{"href":"https:\/\/www.test.autopakai.lt\/lt\/wp-json\/wp\/v2\/product"}],"about":[{"href":"https:\/\/www.test.autopakai.lt\/lt\/wp-json\/wp\/v2\/types\/product"}],"wp:featuredmedia":[{"embeddable":true,"href":"https:\/\/www.test.autopakai.lt\/lt\/wp-json\/wp\/v2\/media\/69257"}],"wp:attachment":[{"href":"https:\/\/www.test.autopakai.lt\/lt\/wp-json\/wp\/v2\/media?parent=62072"}],"wp:term":[{"taxonomy":"product_brand","embeddable":true,"href":"https:\/\/www.test.autopakai.lt\/lt\/wp-json\/wp\/v2\/product_brand?post=62072"},{"taxonomy":"product_cat","embeddable":true,"href":"https:\/\/www.test.autopakai.lt\/lt\/wp-json\/wp\/v2\/product_cat?post=62072"},{"taxonomy":"product_tag","embeddable":true,"href":"https:\/\/www.test.autopakai.lt\/lt\/wp-json\/wp\/v2\/product_tag?post=62072"}],"curies":[{"name":"wp","href":"https:\/\/api.w.org\/{rel}","templated":true}]}}