{"id":62086,"date":"2025-12-01T18:48:03","date_gmt":"2025-12-01T18:48:03","guid":{"rendered":"https:\/\/www.test.autopakai.lt\/lt\/produktas\/headlight-lens-left-for-bmw-5-e60e61-pre-facelift-03-07-without-xenon\/"},"modified":"2025-12-11T14:40:27","modified_gmt":"2025-12-11T14:40:27","slug":"headlight-lens-left-for-bmw-5-e60e61-pre-facelift-03-07-without-xenon","status":"publish","type":"product","link":"https:\/\/www.test.autopakai.lt\/lt\/produktas\/headlight-lens-left-for-bmw-5-e60e61-pre-facelift-03-07-without-xenon\/","title":{"rendered":"Priekinio \u017eibinto l\u0119\u0161is KAIRYSIS BMW 5 (E60,E61) Pre-Facelift 03-07 be ksenon\u0173"},"content":{"rendered":"","protected":false},"excerpt":{"rendered":"","protected":false},"featured_media":70516,"template":"","meta":{"_joinchat":[]},"product_brand":[297],"product_cat":[],"product_tag":[],"class_list":{"0":"post-62086","1":"product","2":"type-product","3":"status-publish","4":"has-post-thumbnail","6":"product_brand-bmw","7":"pa_manufacturer-bmw","8":"pa_model-bmw-5-e60","9":"pa_year_from-324","10":"pa_year_to-317","13":"first","14":"onbackorder","15":"taxable","16":"shipping-taxable","17":"purchasable","18":"product-type-simple"},"_links":{"self":[{"href":"https:\/\/www.test.autopakai.lt\/lt\/wp-json\/wp\/v2\/product\/62086","targetHints":{"allow":["GET"]}}],"collection":[{"href":"https:\/\/www.test.autopakai.lt\/lt\/wp-json\/wp\/v2\/product"}],"about":[{"href":"https:\/\/www.test.autopakai.lt\/lt\/wp-json\/wp\/v2\/types\/product"}],"wp:featuredmedia":[{"embeddable":true,"href":"https:\/\/www.test.autopakai.lt\/lt\/wp-json\/wp\/v2\/media\/70516"}],"wp:attachment":[{"href":"https:\/\/www.test.autopakai.lt\/lt\/wp-json\/wp\/v2\/media?parent=62086"}],"wp:term":[{"taxonomy":"product_brand","embeddable":true,"href":"https:\/\/www.test.autopakai.lt\/lt\/wp-json\/wp\/v2\/product_brand?post=62086"},{"taxonomy":"product_cat","embeddable":true,"href":"https:\/\/www.test.autopakai.lt\/lt\/wp-json\/wp\/v2\/product_cat?post=62086"},{"taxonomy":"product_tag","embeddable":true,"href":"https:\/\/www.test.autopakai.lt\/lt\/wp-json\/wp\/v2\/product_tag?post=62086"}],"curies":[{"name":"wp","href":"https:\/\/api.w.org\/{rel}","templated":true}]}}