{"id":62111,"date":"2025-12-01T18:48:10","date_gmt":"2025-12-01T18:48:10","guid":{"rendered":"https:\/\/www.test.autopakai.lt\/lt\/produktas\/front-grille-badgeless-black-suitable-for-vw-tiguan-5n-07-11\/"},"modified":"2025-12-11T14:40:31","modified_gmt":"2025-12-11T14:40:31","slug":"front-grille-badgeless-black-suitable-for-vw-tiguan-5n-07-11","status":"publish","type":"product","link":"https:\/\/www.test.autopakai.lt\/lt\/produktas\/front-grille-badgeless-black-suitable-for-vw-tiguan-5n-07-11\/","title":{"rendered":"Priekin\u0117s grotel\u0117s be \u017eenkleli\u0173, juodos, tinka VW Tiguan 5N 07-11"},"content":{"rendered":"","protected":false},"excerpt":{"rendered":"","protected":false},"featured_media":0,"template":"","meta":{"_joinchat":[]},"product_brand":[299],"product_cat":[],"product_tag":[],"class_list":{"0":"post-62111","1":"product","2":"type-product","3":"status-publish","5":"product_brand-vw","6":"pa_manufacturer-vw","7":"pa_model-vw-tiguan-5n_","8":"pa_year_from-445","9":"pa_year_to-328","11":"first","12":"onbackorder","13":"taxable","14":"shipping-taxable","15":"purchasable","16":"product-type-simple"},"_links":{"self":[{"href":"https:\/\/www.test.autopakai.lt\/lt\/wp-json\/wp\/v2\/product\/62111","targetHints":{"allow":["GET"]}}],"collection":[{"href":"https:\/\/www.test.autopakai.lt\/lt\/wp-json\/wp\/v2\/product"}],"about":[{"href":"https:\/\/www.test.autopakai.lt\/lt\/wp-json\/wp\/v2\/types\/product"}],"wp:attachment":[{"href":"https:\/\/www.test.autopakai.lt\/lt\/wp-json\/wp\/v2\/media?parent=62111"}],"wp:term":[{"taxonomy":"product_brand","embeddable":true,"href":"https:\/\/www.test.autopakai.lt\/lt\/wp-json\/wp\/v2\/product_brand?post=62111"},{"taxonomy":"product_cat","embeddable":true,"href":"https:\/\/www.test.autopakai.lt\/lt\/wp-json\/wp\/v2\/product_cat?post=62111"},{"taxonomy":"product_tag","embeddable":true,"href":"https:\/\/www.test.autopakai.lt\/lt\/wp-json\/wp\/v2\/product_tag?post=62111"}],"curies":[{"name":"wp","href":"https:\/\/api.w.org\/{rel}","templated":true}]}}