{"id":62209,"date":"2025-12-01T18:48:40","date_gmt":"2025-12-01T18:48:40","guid":{"rendered":"https:\/\/www.test.autopakai.lt\/lt\/produktas\/front-grille-chrome-suitable-for-mercedes-cla-c117-13-16-panamericana-gt\/"},"modified":"2025-12-11T14:40:44","modified_gmt":"2025-12-11T14:40:44","slug":"front-grille-chrome-suitable-for-mercedes-cla-c117-13-16-panamericana-gt","status":"publish","type":"product","link":"https:\/\/www.test.autopakai.lt\/lt\/produktas\/front-grille-chrome-suitable-for-mercedes-cla-c117-13-16-panamericana-gt\/","title":{"rendered":"Priekin\u0117s grotel\u0117s chromuotos, tinkan\u010dios MERCEDES CLA C117 13-16 Panamericana GT"},"content":{"rendered":"","protected":false},"excerpt":{"rendered":"","protected":false},"featured_media":0,"template":"","meta":{"_joinchat":[]},"product_brand":[378,295,397],"product_cat":[],"product_tag":[],"class_list":{"0":"post-62209","1":"product","2":"type-product","3":"status-publish","5":"product_brand-ford-australia","6":"product_brand-mercedes-benz","7":"product_brand-pontiac","8":"pa_manufacturer-mercedes-benz","9":"pa_manufacturer-ford-australia","10":"pa_manufacturer-pontiac","11":"pa_model-mercedes-benz-cla-coupe-c117","12":"pa_year_from-314","13":"pa_year_to-309","15":"first","16":"onbackorder","17":"taxable","18":"shipping-taxable","19":"purchasable","20":"product-type-simple"},"_links":{"self":[{"href":"https:\/\/www.test.autopakai.lt\/lt\/wp-json\/wp\/v2\/product\/62209","targetHints":{"allow":["GET"]}}],"collection":[{"href":"https:\/\/www.test.autopakai.lt\/lt\/wp-json\/wp\/v2\/product"}],"about":[{"href":"https:\/\/www.test.autopakai.lt\/lt\/wp-json\/wp\/v2\/types\/product"}],"wp:attachment":[{"href":"https:\/\/www.test.autopakai.lt\/lt\/wp-json\/wp\/v2\/media?parent=62209"}],"wp:term":[{"taxonomy":"product_brand","embeddable":true,"href":"https:\/\/www.test.autopakai.lt\/lt\/wp-json\/wp\/v2\/product_brand?post=62209"},{"taxonomy":"product_cat","embeddable":true,"href":"https:\/\/www.test.autopakai.lt\/lt\/wp-json\/wp\/v2\/product_cat?post=62209"},{"taxonomy":"product_tag","embeddable":true,"href":"https:\/\/www.test.autopakai.lt\/lt\/wp-json\/wp\/v2\/product_tag?post=62209"}],"curies":[{"name":"wp","href":"https:\/\/api.w.org\/{rel}","templated":true}]}}