{"id":62337,"date":"2025-12-01T18:49:19","date_gmt":"2025-12-01T18:49:19","guid":{"rendered":"https:\/\/www.test.autopakai.lt\/lt\/produktas\/3rd-led-brake-light-for-ford-transit-tourneo-custom-black-12-23-oem-dot-design\/"},"modified":"2025-12-11T14:40:49","modified_gmt":"2025-12-11T14:40:49","slug":"3rd-led-brake-light-for-ford-transit-tourneo-custom-black-12-23-oem-dot-design","status":"publish","type":"product","link":"https:\/\/www.test.autopakai.lt\/lt\/produktas\/3rd-led-brake-light-for-ford-transit-tourneo-custom-black-12-23-oem-dot-design\/","title":{"rendered":"Tre\u010dias LED stabd\u017ei\u0173 \u017eibintas Ford Transit\/Tourneo Custom juodas 12-23 OEM Dot Design"},"content":{"rendered":"","protected":false},"excerpt":{"rendered":"","protected":false},"featured_media":0,"template":"","meta":{"_joinchat":[]},"product_brand":[398],"product_cat":[],"product_tag":[],"class_list":{"0":"post-62337","1":"product","2":"type-product","3":"status-publish","5":"product_brand-ford","6":"pa_manufacturer-ford","7":"pa_model-ford-tourneo-custom-v362-bus-f3","8":"pa_year_from-321","9":"pa_year_to-305","11":"first","12":"onbackorder","13":"taxable","14":"shipping-taxable","15":"purchasable","16":"product-type-simple"},"_links":{"self":[{"href":"https:\/\/www.test.autopakai.lt\/lt\/wp-json\/wp\/v2\/product\/62337","targetHints":{"allow":["GET"]}}],"collection":[{"href":"https:\/\/www.test.autopakai.lt\/lt\/wp-json\/wp\/v2\/product"}],"about":[{"href":"https:\/\/www.test.autopakai.lt\/lt\/wp-json\/wp\/v2\/types\/product"}],"wp:attachment":[{"href":"https:\/\/www.test.autopakai.lt\/lt\/wp-json\/wp\/v2\/media?parent=62337"}],"wp:term":[{"taxonomy":"product_brand","embeddable":true,"href":"https:\/\/www.test.autopakai.lt\/lt\/wp-json\/wp\/v2\/product_brand?post=62337"},{"taxonomy":"product_cat","embeddable":true,"href":"https:\/\/www.test.autopakai.lt\/lt\/wp-json\/wp\/v2\/product_cat?post=62337"},{"taxonomy":"product_tag","embeddable":true,"href":"https:\/\/www.test.autopakai.lt\/lt\/wp-json\/wp\/v2\/product_tag?post=62337"}],"curies":[{"name":"wp","href":"https:\/\/api.w.org\/{rel}","templated":true}]}}