{"id":62373,"date":"2025-12-01T18:49:30","date_gmt":"2025-12-01T18:49:30","guid":{"rendered":"https:\/\/www.test.autopakai.lt\/lt\/produktas\/side-mirror-cover-set-gloss-black-suitable-for-vw-eos-golf-6-touran-1t3-08-12\/"},"modified":"2025-12-11T14:40:53","modified_gmt":"2025-12-11T14:40:53","slug":"side-mirror-cover-set-gloss-black-suitable-for-vw-eos-golf-6-touran-1t3-08-12","status":"publish","type":"product","link":"https:\/\/www.test.autopakai.lt\/lt\/produktas\/side-mirror-cover-set-gloss-black-suitable-for-vw-eos-golf-6-touran-1t3-08-12\/","title":{"rendered":"\u0160onini\u0173 veidrod\u0117li\u0173 dangteli\u0173 komplektas, blizgios juodos spalvos, tinka VW EOS, Golf 6, TOURAN 1T3 08-12"},"content":{"rendered":"","protected":false},"excerpt":{"rendered":"","protected":false},"featured_media":0,"template":"","meta":{"_joinchat":[]},"product_brand":[299],"product_cat":[],"product_tag":[],"class_list":{"0":"post-62373","1":"product","2":"type-product","3":"status-publish","5":"product_brand-vw","6":"pa_manufacturer-vw","7":"pa_model-vw-golf-vi-5k1","8":"pa_year_from-308","9":"pa_year_to-437","11":"first","12":"onbackorder","13":"taxable","14":"shipping-taxable","15":"purchasable","16":"product-type-simple"},"_links":{"self":[{"href":"https:\/\/www.test.autopakai.lt\/lt\/wp-json\/wp\/v2\/product\/62373","targetHints":{"allow":["GET"]}}],"collection":[{"href":"https:\/\/www.test.autopakai.lt\/lt\/wp-json\/wp\/v2\/product"}],"about":[{"href":"https:\/\/www.test.autopakai.lt\/lt\/wp-json\/wp\/v2\/types\/product"}],"wp:attachment":[{"href":"https:\/\/www.test.autopakai.lt\/lt\/wp-json\/wp\/v2\/media?parent=62373"}],"wp:term":[{"taxonomy":"product_brand","embeddable":true,"href":"https:\/\/www.test.autopakai.lt\/lt\/wp-json\/wp\/v2\/product_brand?post=62373"},{"taxonomy":"product_cat","embeddable":true,"href":"https:\/\/www.test.autopakai.lt\/lt\/wp-json\/wp\/v2\/product_cat?post=62373"},{"taxonomy":"product_tag","embeddable":true,"href":"https:\/\/www.test.autopakai.lt\/lt\/wp-json\/wp\/v2\/product_tag?post=62373"}],"curies":[{"name":"wp","href":"https:\/\/api.w.org\/{rel}","templated":true}]}}