{"id":62397,"date":"2025-12-01T18:49:38","date_gmt":"2025-12-01T18:49:38","guid":{"rendered":"https:\/\/www.test.autopakai.lt\/lt\/produktas\/grille-single-line-matt-black-for-bmw-7-g11-g12-pre-facelift-2015-2019\/"},"modified":"2025-12-11T14:40:59","modified_gmt":"2025-12-11T14:40:59","slug":"grille-single-line-matt-black-for-bmw-7-g11-g12-pre-facelift-2015-2019","status":"publish","type":"product","link":"https:\/\/www.test.autopakai.lt\/lt\/produktas\/grille-single-line-matt-black-for-bmw-7-g11-g12-pre-facelift-2015-2019\/","title":{"rendered":"Grotel\u0117s vienos linijos matin\u0117s juodos BMW 7 (G11, G12) prie\u0161 feislift\u0105 2015\u20132019"},"content":{"rendered":"","protected":false},"excerpt":{"rendered":"","protected":false},"featured_media":0,"template":"","meta":{"_joinchat":[]},"product_brand":[297],"product_cat":[],"product_tag":[],"class_list":{"0":"post-62397","1":"product","2":"type-product","3":"status-publish","5":"product_brand-bmw","6":"pa_manufacturer-bmw","7":"pa_model-bmw-7-g11-g12","8":"pa_year_from-439","9":"pa_year_to-312","11":"first","12":"onbackorder","13":"taxable","14":"shipping-taxable","15":"purchasable","16":"product-type-simple"},"_links":{"self":[{"href":"https:\/\/www.test.autopakai.lt\/lt\/wp-json\/wp\/v2\/product\/62397","targetHints":{"allow":["GET"]}}],"collection":[{"href":"https:\/\/www.test.autopakai.lt\/lt\/wp-json\/wp\/v2\/product"}],"about":[{"href":"https:\/\/www.test.autopakai.lt\/lt\/wp-json\/wp\/v2\/types\/product"}],"wp:attachment":[{"href":"https:\/\/www.test.autopakai.lt\/lt\/wp-json\/wp\/v2\/media?parent=62397"}],"wp:term":[{"taxonomy":"product_brand","embeddable":true,"href":"https:\/\/www.test.autopakai.lt\/lt\/wp-json\/wp\/v2\/product_brand?post=62397"},{"taxonomy":"product_cat","embeddable":true,"href":"https:\/\/www.test.autopakai.lt\/lt\/wp-json\/wp\/v2\/product_cat?post=62397"},{"taxonomy":"product_tag","embeddable":true,"href":"https:\/\/www.test.autopakai.lt\/lt\/wp-json\/wp\/v2\/product_tag?post=62397"}],"curies":[{"name":"wp","href":"https:\/\/api.w.org\/{rel}","templated":true}]}}