{"id":62446,"date":"2025-12-01T18:49:52","date_gmt":"2025-12-01T18:49:52","guid":{"rendered":"https:\/\/www.test.autopakai.lt\/lt\/produktas\/front-grille-badgeless-black-suitable-for-seat-leon-1p-altea-5p-facelift-09-12\/"},"modified":"2025-12-11T14:41:00","modified_gmt":"2025-12-11T14:41:00","slug":"front-grille-badgeless-black-suitable-for-seat-leon-1p-altea-5p-facelift-09-12","status":"publish","type":"product","link":"https:\/\/www.test.autopakai.lt\/lt\/produktas\/front-grille-badgeless-black-suitable-for-seat-leon-1p-altea-5p-facelift-09-12\/","title":{"rendered":"Priekin\u0117s grotel\u0117s be \u017eenkleli\u0173 juodos, tinkan\u010dios SEAT LEON 1P ALTEA 5P Facelift 09-12"},"content":{"rendered":"","protected":false},"excerpt":{"rendered":"","protected":false},"featured_media":69998,"template":"","meta":{"_joinchat":[]},"product_brand":[300],"product_cat":[],"product_tag":[],"class_list":{"0":"post-62446","1":"product","2":"type-product","3":"status-publish","4":"has-post-thumbnail","6":"product_brand-seat","7":"pa_manufacturer-seat","8":"pa_model-seat-leon-1p1","9":"pa_year_from-462","10":"pa_year_to-437","13":"first","14":"onbackorder","15":"taxable","16":"shipping-taxable","17":"purchasable","18":"product-type-simple"},"_links":{"self":[{"href":"https:\/\/www.test.autopakai.lt\/lt\/wp-json\/wp\/v2\/product\/62446","targetHints":{"allow":["GET"]}}],"collection":[{"href":"https:\/\/www.test.autopakai.lt\/lt\/wp-json\/wp\/v2\/product"}],"about":[{"href":"https:\/\/www.test.autopakai.lt\/lt\/wp-json\/wp\/v2\/types\/product"}],"wp:featuredmedia":[{"embeddable":true,"href":"https:\/\/www.test.autopakai.lt\/lt\/wp-json\/wp\/v2\/media\/69998"}],"wp:attachment":[{"href":"https:\/\/www.test.autopakai.lt\/lt\/wp-json\/wp\/v2\/media?parent=62446"}],"wp:term":[{"taxonomy":"product_brand","embeddable":true,"href":"https:\/\/www.test.autopakai.lt\/lt\/wp-json\/wp\/v2\/product_brand?post=62446"},{"taxonomy":"product_cat","embeddable":true,"href":"https:\/\/www.test.autopakai.lt\/lt\/wp-json\/wp\/v2\/product_cat?post=62446"},{"taxonomy":"product_tag","embeddable":true,"href":"https:\/\/www.test.autopakai.lt\/lt\/wp-json\/wp\/v2\/product_tag?post=62446"}],"curies":[{"name":"wp","href":"https:\/\/api.w.org\/{rel}","templated":true}]}}