{"id":62462,"date":"2025-12-01T18:49:56","date_gmt":"2025-12-01T18:49:56","guid":{"rendered":"https:\/\/www.test.autopakai.lt\/lt\/produktas\/trunk-spoiler-gloss-black-suitable-for-mercedes-c-class-w206-sedan-21-on-2\/"},"modified":"2025-12-11T14:41:04","modified_gmt":"2025-12-11T14:41:04","slug":"trunk-spoiler-gloss-black-suitable-for-mercedes-c-class-w206-sedan-21-on-2","status":"publish","type":"product","link":"https:\/\/www.test.autopakai.lt\/lt\/produktas\/trunk-spoiler-gloss-black-suitable-for-mercedes-c-class-w206-sedan-21-on-2\/","title":{"rendered":"Baga\u017ein\u0117s spoileris blizgus juodas, tinkantis MERCEDES C klas\u0117s W206 sedanui 2021-06"},"content":{"rendered":"","protected":false},"excerpt":{"rendered":"","protected":false},"featured_media":0,"template":"","meta":{"_joinchat":[]},"product_brand":[371,295],"product_cat":[],"product_tag":[],"class_list":{"0":"post-62462","1":"product","2":"type-product","3":"status-publish","5":"product_brand-dongfeng-dfac-","6":"product_brand-mercedes-benz","7":"pa_manufacturer-mercedes-benz","8":"pa_manufacturer-dongfeng-dfac","9":"pa_model-mercedes-benz-c-class-w206","10":"pa_year_from-486","12":"first","13":"onbackorder","14":"taxable","15":"shipping-taxable","16":"purchasable","17":"product-type-simple"},"_links":{"self":[{"href":"https:\/\/www.test.autopakai.lt\/lt\/wp-json\/wp\/v2\/product\/62462","targetHints":{"allow":["GET"]}}],"collection":[{"href":"https:\/\/www.test.autopakai.lt\/lt\/wp-json\/wp\/v2\/product"}],"about":[{"href":"https:\/\/www.test.autopakai.lt\/lt\/wp-json\/wp\/v2\/types\/product"}],"wp:attachment":[{"href":"https:\/\/www.test.autopakai.lt\/lt\/wp-json\/wp\/v2\/media?parent=62462"}],"wp:term":[{"taxonomy":"product_brand","embeddable":true,"href":"https:\/\/www.test.autopakai.lt\/lt\/wp-json\/wp\/v2\/product_brand?post=62462"},{"taxonomy":"product_cat","embeddable":true,"href":"https:\/\/www.test.autopakai.lt\/lt\/wp-json\/wp\/v2\/product_cat?post=62462"},{"taxonomy":"product_tag","embeddable":true,"href":"https:\/\/www.test.autopakai.lt\/lt\/wp-json\/wp\/v2\/product_tag?post=62462"}],"curies":[{"name":"wp","href":"https:\/\/api.w.org\/{rel}","templated":true}]}}