{"id":62564,"date":"2025-12-01T18:50:32","date_gmt":"2025-12-01T18:50:32","guid":{"rendered":"https:\/\/www.test.autopakai.lt\/lt\/produktas\/fog-lights-set-smoke-suitable-for-bmw-3-e92e93-5-f10f11-06-13\/"},"modified":"2025-12-11T14:41:15","modified_gmt":"2025-12-11T14:41:15","slug":"fog-lights-set-smoke-suitable-for-bmw-3-e92e93-5-f10f11-06-13","status":"publish","type":"product","link":"https:\/\/www.test.autopakai.lt\/lt\/produktas\/fog-lights-set-smoke-suitable-for-bmw-3-e92e93-5-f10f11-06-13\/","title":{"rendered":"R\u016bko \u017eibint\u0173 komplektas d\u016bmams, tinkantis BMW 3 E92, E93 5 F10, F11 06-13"},"content":{"rendered":"","protected":false},"excerpt":{"rendered":"","protected":false},"featured_media":67142,"template":"","meta":{"_joinchat":[]},"product_brand":[297],"product_cat":[],"product_tag":[],"class_list":{"0":"post-62564","1":"product","2":"type-product","3":"status-publish","4":"has-post-thumbnail","6":"product_brand-bmw","7":"pa_manufacturer-bmw","8":"pa_model-bmw-5-f10","9":"pa_year_from-408","10":"pa_year_to-494","13":"first","14":"onbackorder","15":"taxable","16":"shipping-taxable","17":"purchasable","18":"product-type-simple"},"_links":{"self":[{"href":"https:\/\/www.test.autopakai.lt\/lt\/wp-json\/wp\/v2\/product\/62564","targetHints":{"allow":["GET"]}}],"collection":[{"href":"https:\/\/www.test.autopakai.lt\/lt\/wp-json\/wp\/v2\/product"}],"about":[{"href":"https:\/\/www.test.autopakai.lt\/lt\/wp-json\/wp\/v2\/types\/product"}],"wp:featuredmedia":[{"embeddable":true,"href":"https:\/\/www.test.autopakai.lt\/lt\/wp-json\/wp\/v2\/media\/67142"}],"wp:attachment":[{"href":"https:\/\/www.test.autopakai.lt\/lt\/wp-json\/wp\/v2\/media?parent=62564"}],"wp:term":[{"taxonomy":"product_brand","embeddable":true,"href":"https:\/\/www.test.autopakai.lt\/lt\/wp-json\/wp\/v2\/product_brand?post=62564"},{"taxonomy":"product_cat","embeddable":true,"href":"https:\/\/www.test.autopakai.lt\/lt\/wp-json\/wp\/v2\/product_cat?post=62564"},{"taxonomy":"product_tag","embeddable":true,"href":"https:\/\/www.test.autopakai.lt\/lt\/wp-json\/wp\/v2\/product_tag?post=62564"}],"curies":[{"name":"wp","href":"https:\/\/api.w.org\/{rel}","templated":true}]}}