{"id":62587,"date":"2025-12-01T18:50:41","date_gmt":"2025-12-01T18:50:41","guid":{"rendered":"https:\/\/www.test.autopakai.lt\/lt\/produktas\/rear-trunk-spoiler-paintable-suitable-for-bmw-5-g30-f90-sedan-2016\/"},"modified":"2025-12-11T14:41:17","modified_gmt":"2025-12-11T14:41:17","slug":"rear-trunk-spoiler-paintable-suitable-for-bmw-5-g30-f90-sedan-2016","status":"publish","type":"product","link":"https:\/\/www.test.autopakai.lt\/lt\/produktas\/rear-trunk-spoiler-paintable-suitable-for-bmw-5-g30-f90-sedan-2016\/","title":{"rendered":"Da\u017eomas galinis baga\u017ein\u0117s spoileris, tinkantis BMW 5 (G30, F90) sedanui nuo 2016 m."},"content":{"rendered":"","protected":false},"excerpt":{"rendered":"","protected":false},"featured_media":0,"template":"","meta":{"_joinchat":[]},"product_brand":[297],"product_cat":[],"product_tag":[],"class_list":{"0":"post-62587","1":"product","2":"type-product","3":"status-publish","5":"product_brand-bmw","6":"pa_manufacturer-bmw","7":"pa_model-bmw-5-g30-f90","8":"pa_year_from-304","10":"first","11":"onbackorder","12":"taxable","13":"shipping-taxable","14":"purchasable","15":"product-type-simple"},"_links":{"self":[{"href":"https:\/\/www.test.autopakai.lt\/lt\/wp-json\/wp\/v2\/product\/62587","targetHints":{"allow":["GET"]}}],"collection":[{"href":"https:\/\/www.test.autopakai.lt\/lt\/wp-json\/wp\/v2\/product"}],"about":[{"href":"https:\/\/www.test.autopakai.lt\/lt\/wp-json\/wp\/v2\/types\/product"}],"wp:attachment":[{"href":"https:\/\/www.test.autopakai.lt\/lt\/wp-json\/wp\/v2\/media?parent=62587"}],"wp:term":[{"taxonomy":"product_brand","embeddable":true,"href":"https:\/\/www.test.autopakai.lt\/lt\/wp-json\/wp\/v2\/product_brand?post=62587"},{"taxonomy":"product_cat","embeddable":true,"href":"https:\/\/www.test.autopakai.lt\/lt\/wp-json\/wp\/v2\/product_cat?post=62587"},{"taxonomy":"product_tag","embeddable":true,"href":"https:\/\/www.test.autopakai.lt\/lt\/wp-json\/wp\/v2\/product_tag?post=62587"}],"curies":[{"name":"wp","href":"https:\/\/api.w.org\/{rel}","templated":true}]}}