{"id":62591,"date":"2025-12-01T18:50:42","date_gmt":"2025-12-01T18:50:42","guid":{"rendered":"https:\/\/www.test.autopakai.lt\/lt\/produktas\/gloss-black-mirror-covers-suitable-for-bmw-3-series-e46-97-04-sedan\/"},"modified":"2025-12-11T14:41:17","modified_gmt":"2025-12-11T14:41:17","slug":"gloss-black-mirror-covers-suitable-for-bmw-3-series-e46-97-04-sedan","status":"publish","type":"product","link":"https:\/\/www.test.autopakai.lt\/lt\/produktas\/gloss-black-mirror-covers-suitable-for-bmw-3-series-e46-97-04-sedan\/","title":{"rendered":"Blizg\u016bs juodi veidrod\u0117li\u0173 dangteliai, tinkantys BMW 3 serijos E46 97-04 sedanui"},"content":{"rendered":"","protected":false},"excerpt":{"rendered":"","protected":false},"featured_media":0,"template":"","meta":{"_joinchat":[]},"product_brand":[297],"product_cat":[],"product_tag":[],"class_list":{"0":"post-62591","1":"product","2":"type-product","3":"status-publish","5":"product_brand-bmw","6":"pa_manufacturer-bmw","7":"pa_model-bmw-3-e46","8":"pa_year_from-615","9":"pa_year_to-660","11":"first","12":"onbackorder","13":"taxable","14":"shipping-taxable","15":"purchasable","16":"product-type-simple"},"_links":{"self":[{"href":"https:\/\/www.test.autopakai.lt\/lt\/wp-json\/wp\/v2\/product\/62591","targetHints":{"allow":["GET"]}}],"collection":[{"href":"https:\/\/www.test.autopakai.lt\/lt\/wp-json\/wp\/v2\/product"}],"about":[{"href":"https:\/\/www.test.autopakai.lt\/lt\/wp-json\/wp\/v2\/types\/product"}],"wp:attachment":[{"href":"https:\/\/www.test.autopakai.lt\/lt\/wp-json\/wp\/v2\/media?parent=62591"}],"wp:term":[{"taxonomy":"product_brand","embeddable":true,"href":"https:\/\/www.test.autopakai.lt\/lt\/wp-json\/wp\/v2\/product_brand?post=62591"},{"taxonomy":"product_cat","embeddable":true,"href":"https:\/\/www.test.autopakai.lt\/lt\/wp-json\/wp\/v2\/product_cat?post=62591"},{"taxonomy":"product_tag","embeddable":true,"href":"https:\/\/www.test.autopakai.lt\/lt\/wp-json\/wp\/v2\/product_tag?post=62591"}],"curies":[{"name":"wp","href":"https:\/\/api.w.org\/{rel}","templated":true}]}}