{"id":62633,"date":"2025-12-01T18:50:59","date_gmt":"2025-12-01T18:50:59","guid":{"rendered":"https:\/\/www.test.autopakai.lt\/lt\/produktas\/3rd-led-brake-light-suitable-for-mercedes-sl-r230-2001-2012-clear-strip-design\/"},"modified":"2025-12-11T14:41:23","modified_gmt":"2025-12-11T14:41:23","slug":"3rd-led-brake-light-suitable-for-mercedes-sl-r230-2001-2012-clear-strip-design","status":"publish","type":"product","link":"https:\/\/www.test.autopakai.lt\/lt\/produktas\/3rd-led-brake-light-suitable-for-mercedes-sl-r230-2001-2012-clear-strip-design\/","title":{"rendered":"Tre\u010diasis LED stabd\u017ei\u0173 \u017eibintas, tinkantis Mercedes SL R230 2001-2012, skaidrus; juostel\u0117s dizainas"},"content":{"rendered":"","protected":false},"excerpt":{"rendered":"","protected":false},"featured_media":0,"template":"","meta":{"_joinchat":[]},"product_brand":[295],"product_cat":[],"product_tag":[],"class_list":{"0":"post-62633","1":"product","2":"type-product","3":"status-publish","5":"product_brand-mercedes-benz","6":"pa_manufacturer-mercedes-benz","7":"pa_model-mercedes-benz-sl-r230","8":"pa_year_from-654","9":"pa_year_to-437","11":"first","12":"onbackorder","13":"taxable","14":"shipping-taxable","15":"purchasable","16":"product-type-simple"},"_links":{"self":[{"href":"https:\/\/www.test.autopakai.lt\/lt\/wp-json\/wp\/v2\/product\/62633","targetHints":{"allow":["GET"]}}],"collection":[{"href":"https:\/\/www.test.autopakai.lt\/lt\/wp-json\/wp\/v2\/product"}],"about":[{"href":"https:\/\/www.test.autopakai.lt\/lt\/wp-json\/wp\/v2\/types\/product"}],"wp:attachment":[{"href":"https:\/\/www.test.autopakai.lt\/lt\/wp-json\/wp\/v2\/media?parent=62633"}],"wp:term":[{"taxonomy":"product_brand","embeddable":true,"href":"https:\/\/www.test.autopakai.lt\/lt\/wp-json\/wp\/v2\/product_brand?post=62633"},{"taxonomy":"product_cat","embeddable":true,"href":"https:\/\/www.test.autopakai.lt\/lt\/wp-json\/wp\/v2\/product_cat?post=62633"},{"taxonomy":"product_tag","embeddable":true,"href":"https:\/\/www.test.autopakai.lt\/lt\/wp-json\/wp\/v2\/product_tag?post=62633"}],"curies":[{"name":"wp","href":"https:\/\/api.w.org\/{rel}","templated":true}]}}