{"id":62677,"date":"2025-12-01T18:51:19","date_gmt":"2025-12-01T18:51:19","guid":{"rendered":"https:\/\/www.test.autopakai.lt\/lt\/produktas\/front-grille-gloss-black-suitable-for-bmw-x3-g01-x4-g02-17-21-dual-line\/"},"modified":"2025-12-11T14:41:29","modified_gmt":"2025-12-11T14:41:29","slug":"front-grille-gloss-black-suitable-for-bmw-x3-g01-x4-g02-17-21-dual-line","status":"publish","type":"product","link":"https:\/\/www.test.autopakai.lt\/lt\/produktas\/front-grille-gloss-black-suitable-for-bmw-x3-g01-x4-g02-17-21-dual-line\/","title":{"rendered":"Priekin\u0117s grotel\u0117s blizgios juodos, tinkan\u010dios BMW X3 G01, X4 G02 17-21 Dual Line"},"content":{"rendered":"","protected":false},"excerpt":{"rendered":"","protected":false},"featured_media":0,"template":"","meta":{"_joinchat":[]},"product_brand":[297,377],"product_cat":[],"product_tag":[],"class_list":{"0":"post-62677","1":"product","2":"type-product","3":"status-publish","5":"product_brand-bmw","6":"product_brand-infiniti","7":"pa_manufacturer-bmw","8":"pa_manufacturer-infiniti","9":"pa_model-bmw-x3-g01-f97","10":"pa_year_from-311","11":"pa_year_to-421","13":"first","14":"onbackorder","15":"taxable","16":"shipping-taxable","17":"purchasable","18":"product-type-simple"},"_links":{"self":[{"href":"https:\/\/www.test.autopakai.lt\/lt\/wp-json\/wp\/v2\/product\/62677","targetHints":{"allow":["GET"]}}],"collection":[{"href":"https:\/\/www.test.autopakai.lt\/lt\/wp-json\/wp\/v2\/product"}],"about":[{"href":"https:\/\/www.test.autopakai.lt\/lt\/wp-json\/wp\/v2\/types\/product"}],"wp:attachment":[{"href":"https:\/\/www.test.autopakai.lt\/lt\/wp-json\/wp\/v2\/media?parent=62677"}],"wp:term":[{"taxonomy":"product_brand","embeddable":true,"href":"https:\/\/www.test.autopakai.lt\/lt\/wp-json\/wp\/v2\/product_brand?post=62677"},{"taxonomy":"product_cat","embeddable":true,"href":"https:\/\/www.test.autopakai.lt\/lt\/wp-json\/wp\/v2\/product_cat?post=62677"},{"taxonomy":"product_tag","embeddable":true,"href":"https:\/\/www.test.autopakai.lt\/lt\/wp-json\/wp\/v2\/product_tag?post=62677"}],"curies":[{"name":"wp","href":"https:\/\/api.w.org\/{rel}","templated":true}]}}