{"id":62889,"date":"2025-12-01T18:52:40","date_gmt":"2025-12-01T18:52:40","guid":{"rendered":"https:\/\/www.test.autopakai.lt\/lt\/produktas\/front-grille-gloss-black-suitable-for-bmw-1-f20-f21-hatchback-11-15-dual-line\/"},"modified":"2025-12-11T14:42:06","modified_gmt":"2025-12-11T14:42:06","slug":"front-grille-gloss-black-suitable-for-bmw-1-f20-f21-hatchback-11-15-dual-line","status":"publish","type":"product","link":"https:\/\/www.test.autopakai.lt\/lt\/produktas\/front-grille-gloss-black-suitable-for-bmw-1-f20-f21-hatchback-11-15-dual-line\/","title":{"rendered":"Priekin\u0117s grotel\u0117s, blizgios juodos, tinka BMW 1 F20, F21 he\u010dbekui 11-15 Dual Line"},"content":{"rendered":"","protected":false},"excerpt":{"rendered":"","protected":false},"featured_media":68683,"template":"","meta":{"_joinchat":[]},"product_brand":[296,297],"product_cat":[],"product_tag":[],"class_list":{"0":"post-62889","1":"product","2":"type-product","3":"status-publish","4":"has-post-thumbnail","6":"product_brand-audi","7":"product_brand-bmw","8":"pa_manufacturer-bmw","9":"pa_manufacturer-audi","10":"pa_model-bmw-1-f20","11":"pa_year_from-411","12":"pa_year_to-412","15":"first","16":"onbackorder","17":"taxable","18":"shipping-taxable","19":"purchasable","20":"product-type-simple"},"_links":{"self":[{"href":"https:\/\/www.test.autopakai.lt\/lt\/wp-json\/wp\/v2\/product\/62889","targetHints":{"allow":["GET"]}}],"collection":[{"href":"https:\/\/www.test.autopakai.lt\/lt\/wp-json\/wp\/v2\/product"}],"about":[{"href":"https:\/\/www.test.autopakai.lt\/lt\/wp-json\/wp\/v2\/types\/product"}],"wp:featuredmedia":[{"embeddable":true,"href":"https:\/\/www.test.autopakai.lt\/lt\/wp-json\/wp\/v2\/media\/68683"}],"wp:attachment":[{"href":"https:\/\/www.test.autopakai.lt\/lt\/wp-json\/wp\/v2\/media?parent=62889"}],"wp:term":[{"taxonomy":"product_brand","embeddable":true,"href":"https:\/\/www.test.autopakai.lt\/lt\/wp-json\/wp\/v2\/product_brand?post=62889"},{"taxonomy":"product_cat","embeddable":true,"href":"https:\/\/www.test.autopakai.lt\/lt\/wp-json\/wp\/v2\/product_cat?post=62889"},{"taxonomy":"product_tag","embeddable":true,"href":"https:\/\/www.test.autopakai.lt\/lt\/wp-json\/wp\/v2\/product_tag?post=62889"}],"curies":[{"name":"wp","href":"https:\/\/api.w.org\/{rel}","templated":true}]}}