{"id":62922,"date":"2025-12-01T18:52:58","date_gmt":"2025-12-01T18:52:58","guid":{"rendered":"https:\/\/www.test.autopakai.lt\/lt\/produktas\/front-grille-dual-line-gloss-black-fit-for-bmw-6-e63-e64-coupe-cabrio-03-10\/"},"modified":"2025-12-11T14:41:42","modified_gmt":"2025-12-11T14:41:42","slug":"front-grille-dual-line-gloss-black-fit-for-bmw-6-e63-e64-coupe-cabrio-03-10","status":"publish","type":"product","link":"https:\/\/www.test.autopakai.lt\/lt\/produktas\/front-grille-dual-line-gloss-black-fit-for-bmw-6-e63-e64-coupe-cabrio-03-10\/","title":{"rendered":"Priekin\u0117s grotel\u0117s dvigubos linijos blizgios juodos, tinkan\u010dios BMW 6 E63, E64 Coupe Cabrio 03-10"},"content":{"rendered":"","protected":false},"excerpt":{"rendered":"","protected":false},"featured_media":0,"template":"","meta":{"_joinchat":[]},"product_brand":[297],"product_cat":[],"product_tag":[],"class_list":{"0":"post-62922","1":"product","2":"type-product","3":"status-publish","5":"product_brand-bmw","6":"pa_manufacturer-bmw","7":"pa_model-bmw-6-e63","8":"pa_year_from-324","9":"pa_year_to-505","11":"first","12":"onbackorder","13":"taxable","14":"shipping-taxable","15":"purchasable","16":"product-type-simple"},"_links":{"self":[{"href":"https:\/\/www.test.autopakai.lt\/lt\/wp-json\/wp\/v2\/product\/62922","targetHints":{"allow":["GET"]}}],"collection":[{"href":"https:\/\/www.test.autopakai.lt\/lt\/wp-json\/wp\/v2\/product"}],"about":[{"href":"https:\/\/www.test.autopakai.lt\/lt\/wp-json\/wp\/v2\/types\/product"}],"wp:attachment":[{"href":"https:\/\/www.test.autopakai.lt\/lt\/wp-json\/wp\/v2\/media?parent=62922"}],"wp:term":[{"taxonomy":"product_brand","embeddable":true,"href":"https:\/\/www.test.autopakai.lt\/lt\/wp-json\/wp\/v2\/product_brand?post=62922"},{"taxonomy":"product_cat","embeddable":true,"href":"https:\/\/www.test.autopakai.lt\/lt\/wp-json\/wp\/v2\/product_cat?post=62922"},{"taxonomy":"product_tag","embeddable":true,"href":"https:\/\/www.test.autopakai.lt\/lt\/wp-json\/wp\/v2\/product_tag?post=62922"}],"curies":[{"name":"wp","href":"https:\/\/api.w.org\/{rel}","templated":true}]}}