{"id":62958,"date":"2025-12-01T18:53:19","date_gmt":"2025-12-01T18:53:19","guid":{"rendered":"https:\/\/www.test.autopakai.lt\/lt\/produktas\/front-grille-badgeless-black-suitable-for-opel-vectra-c-02-05\/"},"modified":"2025-12-11T14:42:11","modified_gmt":"2025-12-11T14:42:11","slug":"front-grille-badgeless-black-suitable-for-opel-vectra-c-02-05","status":"publish","type":"product","link":"https:\/\/www.test.autopakai.lt\/lt\/produktas\/front-grille-badgeless-black-suitable-for-opel-vectra-c-02-05\/","title":{"rendered":"Priekin\u0117s grotel\u0117s be \u017eenkleli\u0173 juodos, tinka OPEL VECTRA C 02-05"},"content":{"rendered":"","protected":false},"excerpt":{"rendered":"","protected":false},"featured_media":69982,"template":"","meta":{"_joinchat":[]},"product_brand":[386,387],"product_cat":[],"product_tag":[],"class_list":{"0":"post-62958","1":"product","2":"type-product","3":"status-publish","4":"has-post-thumbnail","6":"product_brand-opel","7":"product_brand-vauxhall","8":"pa_manufacturer-opel","9":"pa_manufacturer-vauxhall","10":"pa_model-opel-vectra-c-z02","11":"pa_year_from-457","12":"pa_year_to-325","15":"first","16":"onbackorder","17":"taxable","18":"shipping-taxable","19":"purchasable","20":"product-type-simple"},"_links":{"self":[{"href":"https:\/\/www.test.autopakai.lt\/lt\/wp-json\/wp\/v2\/product\/62958","targetHints":{"allow":["GET"]}}],"collection":[{"href":"https:\/\/www.test.autopakai.lt\/lt\/wp-json\/wp\/v2\/product"}],"about":[{"href":"https:\/\/www.test.autopakai.lt\/lt\/wp-json\/wp\/v2\/types\/product"}],"wp:featuredmedia":[{"embeddable":true,"href":"https:\/\/www.test.autopakai.lt\/lt\/wp-json\/wp\/v2\/media\/69982"}],"wp:attachment":[{"href":"https:\/\/www.test.autopakai.lt\/lt\/wp-json\/wp\/v2\/media?parent=62958"}],"wp:term":[{"taxonomy":"product_brand","embeddable":true,"href":"https:\/\/www.test.autopakai.lt\/lt\/wp-json\/wp\/v2\/product_brand?post=62958"},{"taxonomy":"product_cat","embeddable":true,"href":"https:\/\/www.test.autopakai.lt\/lt\/wp-json\/wp\/v2\/product_cat?post=62958"},{"taxonomy":"product_tag","embeddable":true,"href":"https:\/\/www.test.autopakai.lt\/lt\/wp-json\/wp\/v2\/product_tag?post=62958"}],"curies":[{"name":"wp","href":"https:\/\/api.w.org\/{rel}","templated":true}]}}