{"id":62964,"date":"2025-12-01T18:53:23","date_gmt":"2025-12-01T18:53:23","guid":{"rendered":"https:\/\/www.test.autopakai.lt\/lt\/produktas\/front-grille-badgeless-black-suitable-for-vw-polo-9n2-facelift-05-09\/"},"modified":"2025-12-11T14:42:12","modified_gmt":"2025-12-11T14:42:12","slug":"front-grille-badgeless-black-suitable-for-vw-polo-9n2-facelift-05-09","status":"publish","type":"product","link":"https:\/\/www.test.autopakai.lt\/lt\/produktas\/front-grille-badgeless-black-suitable-for-vw-polo-9n2-facelift-05-09\/","title":{"rendered":"Priekin\u0117s grotel\u0117s be \u017eenkleli\u0173, juodos, tinka VW POLO 9N2 Facelift 05-09"},"content":{"rendered":"","protected":false},"excerpt":{"rendered":"","protected":false},"featured_media":0,"template":"","meta":{"_joinchat":[]},"product_brand":[299],"product_cat":[],"product_tag":[],"class_list":{"0":"post-62964","1":"product","2":"type-product","3":"status-publish","5":"product_brand-vw","6":"pa_manufacturer-vw","7":"pa_model-vw-polo-9n_-9a_","8":"pa_year_from-327","9":"pa_year_to-414","11":"first","12":"onbackorder","13":"taxable","14":"shipping-taxable","15":"purchasable","16":"product-type-simple"},"_links":{"self":[{"href":"https:\/\/www.test.autopakai.lt\/lt\/wp-json\/wp\/v2\/product\/62964","targetHints":{"allow":["GET"]}}],"collection":[{"href":"https:\/\/www.test.autopakai.lt\/lt\/wp-json\/wp\/v2\/product"}],"about":[{"href":"https:\/\/www.test.autopakai.lt\/lt\/wp-json\/wp\/v2\/types\/product"}],"wp:attachment":[{"href":"https:\/\/www.test.autopakai.lt\/lt\/wp-json\/wp\/v2\/media?parent=62964"}],"wp:term":[{"taxonomy":"product_brand","embeddable":true,"href":"https:\/\/www.test.autopakai.lt\/lt\/wp-json\/wp\/v2\/product_brand?post=62964"},{"taxonomy":"product_cat","embeddable":true,"href":"https:\/\/www.test.autopakai.lt\/lt\/wp-json\/wp\/v2\/product_cat?post=62964"},{"taxonomy":"product_tag","embeddable":true,"href":"https:\/\/www.test.autopakai.lt\/lt\/wp-json\/wp\/v2\/product_tag?post=62964"}],"curies":[{"name":"wp","href":"https:\/\/api.w.org\/{rel}","templated":true}]}}