{"id":63002,"date":"2025-12-01T18:54:12","date_gmt":"2025-12-01T18:54:12","guid":{"rendered":"https:\/\/www.test.autopakai.lt\/lt\/produktas\/headlight-lens-wubber-left-for-bmw-3-e46-sedan-touring-prefacelift-98-01\/"},"modified":"2025-12-11T14:42:49","modified_gmt":"2025-12-11T14:42:49","slug":"headlight-lens-wubber-left-for-bmw-3-e46-sedan-touring-prefacelift-98-01","status":"publish","type":"product","link":"https:\/\/www.test.autopakai.lt\/lt\/produktas\/headlight-lens-wubber-left-for-bmw-3-e46-sedan-touring-prefacelift-98-01\/","title":{"rendered":"Priekinio \u017eibinto l\u0119\u0161io laikiklis kair\u0117s pus\u0117s BMW 3 E46 Sedan Touring PreFacelift 98-01"},"content":{"rendered":"","protected":false},"excerpt":{"rendered":"","protected":false},"featured_media":70461,"template":"","meta":{"_joinchat":[]},"product_brand":[297],"product_cat":[],"product_tag":[],"class_list":{"0":"post-63002","1":"product","2":"type-product","3":"status-publish","4":"has-post-thumbnail","6":"product_brand-bmw","7":"pa_manufacturer-bmw","8":"pa_model-bmw-3-e46","9":"pa_year_from-576","10":"pa_year_to-632","13":"first","14":"onbackorder","15":"taxable","16":"shipping-taxable","17":"purchasable","18":"product-type-simple"},"_links":{"self":[{"href":"https:\/\/www.test.autopakai.lt\/lt\/wp-json\/wp\/v2\/product\/63002","targetHints":{"allow":["GET"]}}],"collection":[{"href":"https:\/\/www.test.autopakai.lt\/lt\/wp-json\/wp\/v2\/product"}],"about":[{"href":"https:\/\/www.test.autopakai.lt\/lt\/wp-json\/wp\/v2\/types\/product"}],"wp:featuredmedia":[{"embeddable":true,"href":"https:\/\/www.test.autopakai.lt\/lt\/wp-json\/wp\/v2\/media\/70461"}],"wp:attachment":[{"href":"https:\/\/www.test.autopakai.lt\/lt\/wp-json\/wp\/v2\/media?parent=63002"}],"wp:term":[{"taxonomy":"product_brand","embeddable":true,"href":"https:\/\/www.test.autopakai.lt\/lt\/wp-json\/wp\/v2\/product_brand?post=63002"},{"taxonomy":"product_cat","embeddable":true,"href":"https:\/\/www.test.autopakai.lt\/lt\/wp-json\/wp\/v2\/product_cat?post=63002"},{"taxonomy":"product_tag","embeddable":true,"href":"https:\/\/www.test.autopakai.lt\/lt\/wp-json\/wp\/v2\/product_tag?post=63002"}],"curies":[{"name":"wp","href":"https:\/\/api.w.org\/{rel}","templated":true}]}}