{"id":63008,"date":"2025-12-01T18:54:15","date_gmt":"2025-12-01T18:54:15","guid":{"rendered":"https:\/\/www.test.autopakai.lt\/lt\/produktas\/headlight-lens-housing-wubber-right-for-bmw-3-e46-sedan-touring-facelift-01-05\/"},"modified":"2025-12-11T14:42:49","modified_gmt":"2025-12-11T14:42:49","slug":"headlight-lens-housing-wubber-right-for-bmw-3-e46-sedan-touring-facelift-01-05","status":"publish","type":"product","link":"https:\/\/www.test.autopakai.lt\/lt\/produktas\/headlight-lens-housing-wubber-right-for-bmw-3-e46-sedan-touring-facelift-01-05\/","title":{"rendered":"Priekinio \u017eibinto l\u0119\u0161io korpuso volelis de\u0161inysis BMW 3 E46 Sedan Touring Facelift 01-05"},"content":{"rendered":"","protected":false},"excerpt":{"rendered":"","protected":false},"featured_media":70469,"template":"","meta":{"_joinchat":[]},"product_brand":[297],"product_cat":[],"product_tag":[],"class_list":{"0":"post-63008","1":"product","2":"type-product","3":"status-publish","4":"has-post-thumbnail","6":"product_brand-bmw","7":"pa_manufacturer-bmw","8":"pa_model-bmw-3-touring-e46","9":"pa_year_from-654","10":"pa_year_to-325","13":"first","14":"onbackorder","15":"taxable","16":"shipping-taxable","17":"purchasable","18":"product-type-simple"},"_links":{"self":[{"href":"https:\/\/www.test.autopakai.lt\/lt\/wp-json\/wp\/v2\/product\/63008","targetHints":{"allow":["GET"]}}],"collection":[{"href":"https:\/\/www.test.autopakai.lt\/lt\/wp-json\/wp\/v2\/product"}],"about":[{"href":"https:\/\/www.test.autopakai.lt\/lt\/wp-json\/wp\/v2\/types\/product"}],"wp:featuredmedia":[{"embeddable":true,"href":"https:\/\/www.test.autopakai.lt\/lt\/wp-json\/wp\/v2\/media\/70469"}],"wp:attachment":[{"href":"https:\/\/www.test.autopakai.lt\/lt\/wp-json\/wp\/v2\/media?parent=63008"}],"wp:term":[{"taxonomy":"product_brand","embeddable":true,"href":"https:\/\/www.test.autopakai.lt\/lt\/wp-json\/wp\/v2\/product_brand?post=63008"},{"taxonomy":"product_cat","embeddable":true,"href":"https:\/\/www.test.autopakai.lt\/lt\/wp-json\/wp\/v2\/product_cat?post=63008"},{"taxonomy":"product_tag","embeddable":true,"href":"https:\/\/www.test.autopakai.lt\/lt\/wp-json\/wp\/v2\/product_tag?post=63008"}],"curies":[{"name":"wp","href":"https:\/\/api.w.org\/{rel}","templated":true}]}}